{"id":105,"date":"2022-08-28T22:56:47","date_gmt":"2022-08-28T22:56:47","guid":{"rendered":"https:\/\/kainagua.com.br\/?page_id=105"},"modified":"2023-03-01T02:12:35","modified_gmt":"2023-03-01T02:12:35","slug":"quem-somos","status":"publish","type":"page","link":"https:\/\/kainagua.com.br\/en\/quem-somos\/","title":{"rendered":"Quem Somos"},"content":{"rendered":"<div data-elementor-type=\"wp-page\" data-elementor-id=\"105\" class=\"elementor elementor-105\" data-elementor-settings=\"{&quot;ha_cmc_init_switcher&quot;:&quot;no&quot;}\" data-elementor-post-type=\"page\">\n\t\t\t\t\t\t<section class=\"elementor-section elementor-top-section elementor-element elementor-element-4cf57bd elementor-section-full_width diagon-title elementor-section-height-default elementor-section-height-default\" data-id=\"4cf57bd\" data-element_type=\"section\" data-settings=\"{&quot;background_background&quot;:&quot;classic&quot;,&quot;_ha_eqh_enable&quot;:false}\">\n\t\t\t\t\t\t<div class=\"elementor-container elementor-column-gap-default\">\n\t\t\t\t\t<div class=\"elementor-column elementor-col-100 elementor-top-column elementor-element elementor-element-7d8d0fb\" data-id=\"7d8d0fb\" data-element_type=\"column\" data-settings=\"{&quot;background_background&quot;:&quot;classic&quot;}\">\n\t\t\t<div class=\"elementor-widget-wrap elementor-element-populated\">\n\t\t\t\t\t\t<section class=\"elementor-section elementor-inner-section elementor-element elementor-element-87eaa96 elementor-section-full_width elementor-section-height-default elementor-section-height-default\" data-id=\"87eaa96\" data-element_type=\"section\" data-settings=\"{&quot;background_background&quot;:&quot;classic&quot;,&quot;_ha_eqh_enable&quot;:false}\">\n\t\t\t\t\t\t<div class=\"elementor-container elementor-column-gap-default\">\n\t\t\t\t\t<div class=\"elementor-column elementor-col-100 elementor-inner-column elementor-element elementor-element-e2cc703\" data-id=\"e2cc703\" data-element_type=\"column\">\n\t\t\t<div class=\"elementor-widget-wrap elementor-element-populated\">\n\t\t\t\t\t\t<div class=\"elementor-element elementor-element-4203b64 diatitle elementor-widget elementor-widget-heading\" data-id=\"4203b64\" data-element_type=\"widget\" data-widget_type=\"heading.default\">\n\t\t\t\t<div class=\"elementor-widget-container\">\n\t\t\t\t\t<h1 class=\"elementor-heading-title elementor-size-default\">QUEM SOMOS<\/h1>\t\t\t\t<\/div>\n\t\t\t\t<\/div>\n\t\t\t\t\t<\/div>\n\t\t<\/div>\n\t\t\t\t\t<\/div>\n\t\t<\/section>\n\t\t\t\t\t<\/div>\n\t\t<\/div>\n\t\t\t\t\t<\/div>\n\t\t<\/section>\n\t\t\t\t<section class=\"elementor-section elementor-top-section elementor-element elementor-element-2e7367b elementor-section-full_width elementor-section-height-default elementor-section-height-default elementor-invisible\" data-id=\"2e7367b\" data-element_type=\"section\" data-settings=\"{&quot;background_background&quot;:&quot;classic&quot;,&quot;animation&quot;:&quot;fadeInUp&quot;,&quot;_ha_eqh_enable&quot;:false}\">\n\t\t\t\t\t\t<div class=\"elementor-container elementor-column-gap-default\">\n\t\t\t\t\t<div class=\"elementor-column elementor-col-100 elementor-top-column elementor-element elementor-element-24efaf6\" data-id=\"24efaf6\" data-element_type=\"column\" data-settings=\"{&quot;background_background&quot;:&quot;classic&quot;}\">\n\t\t\t<div class=\"elementor-widget-wrap elementor-element-populated\">\n\t\t\t\t\t\t<section class=\"elementor-section elementor-inner-section elementor-element elementor-element-5f1ae4a elementor-section-full_width elementor-section-height-min-height elementor-section-height-default\" data-id=\"5f1ae4a\" data-element_type=\"section\" data-settings=\"{&quot;_ha_eqh_enable&quot;:false}\">\n\t\t\t\t\t\t<div class=\"elementor-container elementor-column-gap-default\">\n\t\t\t\t\t<div class=\"elementor-column elementor-col-50 elementor-inner-column elementor-element elementor-element-4ba15e6\" data-id=\"4ba15e6\" data-element_type=\"column\" data-settings=\"{&quot;background_background&quot;:&quot;classic&quot;}\">\n\t\t\t<div class=\"elementor-widget-wrap elementor-element-populated\">\n\t\t\t\t\t\t<div class=\"elementor-element elementor-element-9115028 elementor-widget elementor-widget-text-editor\" data-id=\"9115028\" data-element_type=\"widget\" data-widget_type=\"text-editor.default\">\n\t\t\t\t<div class=\"elementor-widget-container\">\n\t\t\t\t\t\t\t\t\t<p>A Kain\u00e1gua possui 33 anos de experi\u00eancia em cuidar do seu bem-estar e qualidade de vida.<\/p><p>Somos uma academia inteligente, com mais de 5 mil metros quadrados e pensada para toda a fam\u00edlia.<\/p><p>Aqui voc\u00ea encontra atividades aqu\u00e1ticas e terrestres para todas as idades, com total seguran\u00e7a e conforto.<\/p><p>Venha nos conhecer!!!<\/p><p>Kain\u00e1gua, vida saud\u00e1vel e bem estar para toda a fam\u00edlia!!!<\/p>\t\t\t\t\t\t\t\t<\/div>\n\t\t\t\t<\/div>\n\t\t\t\t\t<\/div>\n\t\t<\/div>\n\t\t\t\t<div class=\"elementor-column elementor-col-50 elementor-inner-column elementor-element elementor-element-a9d08d6\" data-id=\"a9d08d6\" data-element_type=\"column\" data-settings=\"{&quot;background_background&quot;:&quot;classic&quot;}\">\n\t\t\t<div class=\"elementor-widget-wrap elementor-element-populated\">\n\t\t\t\t\t\t<div class=\"elementor-element elementor-element-3d4e5ce elementor-widget elementor-widget-video\" data-id=\"3d4e5ce\" data-element_type=\"widget\" data-settings=\"{&quot;youtube_url&quot;:&quot;https:\\\/\\\/www.youtube.com\\\/watch?v=ZUr0gCKGjW4&quot;,&quot;video_type&quot;:&quot;youtube&quot;,&quot;controls&quot;:&quot;yes&quot;}\" data-widget_type=\"video.default\">\n\t\t\t\t<div class=\"elementor-widget-container\">\n\t\t\t\t\t\t\t<div class=\"elementor-wrapper elementor-open-inline\">\n\t\t\t<div class=\"elementor-video\"><\/div>\t\t<\/div>\n\t\t\t\t\t\t<\/div>\n\t\t\t\t<\/div>\n\t\t\t\t\t<\/div>\n\t\t<\/div>\n\t\t\t\t\t<\/div>\n\t\t<\/section>\n\t\t\t\t\t<\/div>\n\t\t<\/div>\n\t\t\t\t\t<\/div>\n\t\t<\/section>\n\t\t\t\t<section class=\"elementor-section elementor-top-section elementor-element elementor-element-3f8753c elementor-section-full_width elementor-section-height-default elementor-section-height-default elementor-invisible\" data-id=\"3f8753c\" data-element_type=\"section\" data-settings=\"{&quot;background_background&quot;:&quot;classic&quot;,&quot;animation&quot;:&quot;fadeInUp&quot;,&quot;_ha_eqh_enable&quot;:false}\">\n\t\t\t\t\t\t<div class=\"elementor-container elementor-column-gap-default\">\n\t\t\t\t\t<div class=\"elementor-column elementor-col-100 elementor-top-column elementor-element elementor-element-07eabb0\" data-id=\"07eabb0\" data-element_type=\"column\" data-settings=\"{&quot;background_background&quot;:&quot;classic&quot;}\">\n\t\t\t<div class=\"elementor-widget-wrap elementor-element-populated\">\n\t\t\t\t\t\t<section class=\"elementor-section elementor-inner-section elementor-element elementor-element-82cb617 elementor-section-full_width elementor-section-height-default elementor-section-height-default\" data-id=\"82cb617\" data-element_type=\"section\" data-settings=\"{&quot;_ha_eqh_enable&quot;:false}\">\n\t\t\t\t\t\t<div class=\"elementor-container elementor-column-gap-default\">\n\t\t\t\t\t<div class=\"elementor-column elementor-col-33 elementor-inner-column elementor-element elementor-element-3767e56\" data-id=\"3767e56\" data-element_type=\"column\">\n\t\t\t<div class=\"elementor-widget-wrap\">\n\t\t\t\t\t\t\t<\/div>\n\t\t<\/div>\n\t\t\t\t<div class=\"elementor-column elementor-col-33 elementor-inner-column elementor-element elementor-element-db5c78d\" data-id=\"db5c78d\" data-element_type=\"column\">\n\t\t\t<div class=\"elementor-widget-wrap elementor-element-populated\">\n\t\t\t\t\t\t<div class=\"elementor-element elementor-element-3ae1dba elementor-widget elementor-widget-heading\" data-id=\"3ae1dba\" data-element_type=\"widget\" data-widget_type=\"heading.default\">\n\t\t\t\t<div class=\"elementor-widget-container\">\n\t\t\t\t\t<h2 class=\"elementor-heading-title elementor-size-default\">TOUR VIRTUAL<\/h2>\t\t\t\t<\/div>\n\t\t\t\t<\/div>\n\t\t\t\t\t<\/div>\n\t\t<\/div>\n\t\t\t\t<div class=\"elementor-column elementor-col-33 elementor-inner-column elementor-element elementor-element-9fc316f\" data-id=\"9fc316f\" data-element_type=\"column\">\n\t\t\t<div class=\"elementor-widget-wrap\">\n\t\t\t\t\t\t\t<\/div>\n\t\t<\/div>\n\t\t\t\t\t<\/div>\n\t\t<\/section>\n\t\t\t\t<section class=\"elementor-section elementor-inner-section elementor-element elementor-element-b6410eb elementor-section-full_width elementor-section-height-default elementor-section-height-default\" data-id=\"b6410eb\" data-element_type=\"section\" data-settings=\"{&quot;_ha_eqh_enable&quot;:false}\">\n\t\t\t\t\t\t<div class=\"elementor-container elementor-column-gap-default\">\n\t\t\t\t\t<div class=\"elementor-column elementor-col-100 elementor-inner-column elementor-element elementor-element-307b0f9\" data-id=\"307b0f9\" data-element_type=\"column\">\n\t\t\t<div class=\"elementor-widget-wrap elementor-element-populated\">\n\t\t\t\t\t\t<div class=\"elementor-element elementor-element-8fb106a elementor-widget elementor-widget-html\" data-id=\"8fb106a\" data-element_type=\"widget\" data-widget_type=\"html.default\">\n\t\t\t\t<div class=\"elementor-widget-container\">\n\t\t\t\t\t<iframe src=\"https:\/\/www.google.com\/maps\/embed?pb=!4v1674959638029!6m8!1m7!1sCAoSLEFGMVFpcE1XOVJrVlhGNkZvZzhCR3pud2hDc3A2YkVBaDRHZEhyQ2tyMmxy!2m2!1d-23.6076944!2d-46.7446808!3f26.36!4f1.9699999999999989!5f0.7820865974627469\" width=\"600\" height=\"550\" style=\"border:0;\" allowfullscreen=\"\" loading=\"lazy\" referrerpolicy=\"no-referrer-when-downgrade\"><\/iframe>\t\t\t\t<\/div>\n\t\t\t\t<\/div>\n\t\t\t\t\t<\/div>\n\t\t<\/div>\n\t\t\t\t\t<\/div>\n\t\t<\/section>\n\t\t\t\t\t<\/div>\n\t\t<\/div>\n\t\t\t\t\t<\/div>\n\t\t<\/section>\n\t\t\t\t<\/div>","protected":false},"excerpt":{"rendered":"<p>QUEM SOMOS A Kain\u00e1gua possui 33 anos de experi\u00eancia em cuidar do seu bem-estar e qualidade de vida. Somos uma academia inteligente, com mais de 5 mil metros quadrados e pensada para toda a fam\u00edlia. Aqui voc\u00ea encontra atividades aqu\u00e1ticas e terrestres para todas as idades, com total seguran\u00e7a e conforto. Venha nos conhecer!!! Kain\u00e1gua, [&hellip;]<\/p>","protected":false},"author":1,"featured_media":0,"parent":0,"menu_order":0,"comment_status":"closed","ping_status":"closed","template":"","meta":{"footnotes":""},"class_list":["post-105","page","type-page","status-publish","hentry"],"yoast_head":"<!-- This site is optimized with the Yoast SEO plugin v24.6 - https:\/\/yoast.com\/wordpress\/plugins\/seo\/ -->\n<title>Quem Somos - Kain\u00e1gua<\/title>\n<meta name=\"robots\" content=\"index, follow, max-snippet:-1, max-image-preview:large, max-video-preview:-1\" \/>\n<link rel=\"canonical\" href=\"https:\/\/kainagua.com.br\/en\/quem-somos\/\" \/>\n<meta property=\"og:locale\" content=\"en_US\" \/>\n<meta property=\"og:type\" content=\"article\" \/>\n<meta property=\"og:title\" content=\"Quem Somos - Kain\u00e1gua\" \/>\n<meta property=\"og:description\" content=\"QUEM SOMOS A Kain\u00e1gua possui 33 anos de experi\u00eancia em cuidar do seu bem-estar e qualidade de vida. Somos uma academia inteligente, com mais de 5 mil metros quadrados e pensada para toda a fam\u00edlia. Aqui voc\u00ea encontra atividades aqu\u00e1ticas e terrestres para todas as idades, com total seguran\u00e7a e conforto. Venha nos conhecer!!! Kain\u00e1gua, [&hellip;]\" \/>\n<meta property=\"og:url\" content=\"https:\/\/kainagua.com.br\/en\/quem-somos\/\" \/>\n<meta property=\"og:site_name\" content=\"Kain\u00e1gua\" \/>\n<meta property=\"article:modified_time\" content=\"2023-03-01T02:12:35+00:00\" \/>\n<meta name=\"twitter:card\" content=\"summary_large_image\" \/>\n<script type=\"application\/ld+json\" class=\"yoast-schema-graph\">{\"@context\":\"https:\/\/schema.org\",\"@graph\":[{\"@type\":\"WebPage\",\"@id\":\"https:\/\/kainagua.com.br\/quem-somos\/\",\"url\":\"https:\/\/kainagua.com.br\/quem-somos\/\",\"name\":\"Quem Somos - Kain\u00e1gua\",\"isPartOf\":{\"@id\":\"https:\/\/kainagua.com.br\/#website\"},\"datePublished\":\"2022-08-28T22:56:47+00:00\",\"dateModified\":\"2023-03-01T02:12:35+00:00\",\"breadcrumb\":{\"@id\":\"https:\/\/kainagua.com.br\/quem-somos\/#breadcrumb\"},\"inLanguage\":\"en-US\",\"potentialAction\":[{\"@type\":\"ReadAction\",\"target\":[\"https:\/\/kainagua.com.br\/quem-somos\/\"]}]},{\"@type\":\"BreadcrumbList\",\"@id\":\"https:\/\/kainagua.com.br\/quem-somos\/#breadcrumb\",\"itemListElement\":[{\"@type\":\"ListItem\",\"position\":1,\"name\":\"In\u00edcio\",\"item\":\"https:\/\/kainagua.com.br\/\"},{\"@type\":\"ListItem\",\"position\":2,\"name\":\"Quem Somos\"}]},{\"@type\":\"WebSite\",\"@id\":\"https:\/\/kainagua.com.br\/#website\",\"url\":\"https:\/\/kainagua.com.br\/\",\"name\":\"Kain\u00e1gua\",\"description\":\"Vida saud\u00e1vel e bem estar para toda a fam\u00edlia!\",\"publisher\":{\"@id\":\"https:\/\/kainagua.com.br\/#organization\"},\"potentialAction\":[{\"@type\":\"SearchAction\",\"target\":{\"@type\":\"EntryPoint\",\"urlTemplate\":\"https:\/\/kainagua.com.br\/?s={search_term_string}\"},\"query-input\":{\"@type\":\"PropertyValueSpecification\",\"valueRequired\":true,\"valueName\":\"search_term_string\"}}],\"inLanguage\":\"en-US\"},{\"@type\":\"Organization\",\"@id\":\"https:\/\/kainagua.com.br\/#organization\",\"name\":\"Kain\u00e1gua\",\"url\":\"https:\/\/kainagua.com.br\/\",\"logo\":{\"@type\":\"ImageObject\",\"inLanguage\":\"en-US\",\"@id\":\"https:\/\/kainagua.com.br\/#\/schema\/logo\/image\/\",\"url\":\"https:\/\/kainagua.com.br\/wp-content\/uploads\/2022\/09\/logo-kainagua-rodape-min.png\",\"contentUrl\":\"https:\/\/kainagua.com.br\/wp-content\/uploads\/2022\/09\/logo-kainagua-rodape-min.png\",\"width\":255,\"height\":53,\"caption\":\"Kain\u00e1gua\"},\"image\":{\"@id\":\"https:\/\/kainagua.com.br\/#\/schema\/logo\/image\/\"}}]}<\/script>\n<!-- \/ Yoast SEO plugin. -->","yoast_head_json":{"title":"Quem Somos - Kain\u00e1gua","robots":{"index":"index","follow":"follow","max-snippet":"max-snippet:-1","max-image-preview":"max-image-preview:large","max-video-preview":"max-video-preview:-1"},"canonical":"https:\/\/kainagua.com.br\/en\/quem-somos\/","og_locale":"en_US","og_type":"article","og_title":"Quem Somos - Kain\u00e1gua","og_description":"QUEM SOMOS A Kain\u00e1gua possui 33 anos de experi\u00eancia em cuidar do seu bem-estar e qualidade de vida. Somos uma academia inteligente, com mais de 5 mil metros quadrados e pensada para toda a fam\u00edlia. Aqui voc\u00ea encontra atividades aqu\u00e1ticas e terrestres para todas as idades, com total seguran\u00e7a e conforto. Venha nos conhecer!!! Kain\u00e1gua, [&hellip;]","og_url":"https:\/\/kainagua.com.br\/en\/quem-somos\/","og_site_name":"Kain\u00e1gua","article_modified_time":"2023-03-01T02:12:35+00:00","twitter_card":"summary_large_image","schema":{"@context":"https:\/\/schema.org","@graph":[{"@type":"WebPage","@id":"https:\/\/kainagua.com.br\/quem-somos\/","url":"https:\/\/kainagua.com.br\/quem-somos\/","name":"Quem Somos - Kain\u00e1gua","isPartOf":{"@id":"https:\/\/kainagua.com.br\/#website"},"datePublished":"2022-08-28T22:56:47+00:00","dateModified":"2023-03-01T02:12:35+00:00","breadcrumb":{"@id":"https:\/\/kainagua.com.br\/quem-somos\/#breadcrumb"},"inLanguage":"en-US","potentialAction":[{"@type":"ReadAction","target":["https:\/\/kainagua.com.br\/quem-somos\/"]}]},{"@type":"BreadcrumbList","@id":"https:\/\/kainagua.com.br\/quem-somos\/#breadcrumb","itemListElement":[{"@type":"ListItem","position":1,"name":"In\u00edcio","item":"https:\/\/kainagua.com.br\/"},{"@type":"ListItem","position":2,"name":"Quem Somos"}]},{"@type":"WebSite","@id":"https:\/\/kainagua.com.br\/#website","url":"https:\/\/kainagua.com.br\/","name":"Kain\u00e1gua","description":"Vida saud\u00e1vel e bem estar para toda a fam\u00edlia!","publisher":{"@id":"https:\/\/kainagua.com.br\/#organization"},"potentialAction":[{"@type":"SearchAction","target":{"@type":"EntryPoint","urlTemplate":"https:\/\/kainagua.com.br\/?s={search_term_string}"},"query-input":{"@type":"PropertyValueSpecification","valueRequired":true,"valueName":"search_term_string"}}],"inLanguage":"en-US"},{"@type":"Organization","@id":"https:\/\/kainagua.com.br\/#organization","name":"Kain\u00e1gua","url":"https:\/\/kainagua.com.br\/","logo":{"@type":"ImageObject","inLanguage":"en-US","@id":"https:\/\/kainagua.com.br\/#\/schema\/logo\/image\/","url":"https:\/\/kainagua.com.br\/wp-content\/uploads\/2022\/09\/logo-kainagua-rodape-min.png","contentUrl":"https:\/\/kainagua.com.br\/wp-content\/uploads\/2022\/09\/logo-kainagua-rodape-min.png","width":255,"height":53,"caption":"Kain\u00e1gua"},"image":{"@id":"https:\/\/kainagua.com.br\/#\/schema\/logo\/image\/"}}]}},"_links":{"self":[{"href":"https:\/\/kainagua.com.br\/en\/wp-json\/wp\/v2\/pages\/105","targetHints":{"allow":["GET"]}}],"collection":[{"href":"https:\/\/kainagua.com.br\/en\/wp-json\/wp\/v2\/pages"}],"about":[{"href":"https:\/\/kainagua.com.br\/en\/wp-json\/wp\/v2\/types\/page"}],"author":[{"embeddable":true,"href":"https:\/\/kainagua.com.br\/en\/wp-json\/wp\/v2\/users\/1"}],"replies":[{"embeddable":true,"href":"https:\/\/kainagua.com.br\/en\/wp-json\/wp\/v2\/comments?post=105"}],"version-history":[{"count":116,"href":"https:\/\/kainagua.com.br\/en\/wp-json\/wp\/v2\/pages\/105\/revisions"}],"predecessor-version":[{"id":4639,"href":"https:\/\/kainagua.com.br\/en\/wp-json\/wp\/v2\/pages\/105\/revisions\/4639"}],"wp:attachment":[{"href":"https:\/\/kainagua.com.br\/en\/wp-json\/wp\/v2\/media?parent=105"}],"curies":[{"name":"wp","href":"https:\/\/api.w.org\/{rel}","templated":true}]}}