{"id":272,"date":"2022-08-29T04:33:17","date_gmt":"2022-08-29T04:33:17","guid":{"rendered":"https:\/\/kainagua.com.br\/?page_id=272"},"modified":"2023-02-06T05:27:43","modified_gmt":"2023-02-06T05:27:43","slug":"blog","status":"publish","type":"page","link":"https:\/\/kainagua.com.br\/en\/blog\/","title":{"rendered":"Blog"},"content":{"rendered":"<div data-elementor-type=\"wp-page\" data-elementor-id=\"272\" class=\"elementor elementor-272\" data-elementor-settings=\"{&quot;ha_cmc_init_switcher&quot;:&quot;no&quot;}\" data-elementor-post-type=\"page\">\n\t\t\t\t\t\t<section class=\"elementor-section elementor-top-section elementor-element elementor-element-5a70892 elementor-section-full_width diagon-title elementor-section-height-default elementor-section-height-default\" data-id=\"5a70892\" data-element_type=\"section\" data-settings=\"{&quot;background_background&quot;:&quot;classic&quot;,&quot;_ha_eqh_enable&quot;:false}\">\n\t\t\t\t\t\t<div class=\"elementor-container elementor-column-gap-default\">\n\t\t\t\t\t<div class=\"elementor-column elementor-col-100 elementor-top-column elementor-element elementor-element-e21a3b9\" data-id=\"e21a3b9\" data-element_type=\"column\" data-settings=\"{&quot;background_background&quot;:&quot;classic&quot;}\">\n\t\t\t<div class=\"elementor-widget-wrap elementor-element-populated\">\n\t\t\t\t\t\t<section class=\"elementor-section elementor-inner-section elementor-element elementor-element-9a98544 elementor-section-full_width elementor-section-height-default elementor-section-height-default\" data-id=\"9a98544\" data-element_type=\"section\" data-settings=\"{&quot;background_background&quot;:&quot;classic&quot;,&quot;_ha_eqh_enable&quot;:false}\">\n\t\t\t\t\t\t<div class=\"elementor-container elementor-column-gap-default\">\n\t\t\t\t\t<div class=\"elementor-column elementor-col-100 elementor-inner-column elementor-element elementor-element-9f0961c\" data-id=\"9f0961c\" data-element_type=\"column\">\n\t\t\t<div class=\"elementor-widget-wrap elementor-element-populated\">\n\t\t\t\t\t\t<div class=\"elementor-element elementor-element-5fef0ab diatitle elementor-widget elementor-widget-heading\" data-id=\"5fef0ab\" data-element_type=\"widget\" data-widget_type=\"heading.default\">\n\t\t\t\t<div class=\"elementor-widget-container\">\n\t\t\t\t\t<h1 class=\"elementor-heading-title elementor-size-default\">BLOG<\/h1>\t\t\t\t<\/div>\n\t\t\t\t<\/div>\n\t\t\t\t\t<\/div>\n\t\t<\/div>\n\t\t\t\t\t<\/div>\n\t\t<\/section>\n\t\t\t\t\t<\/div>\n\t\t<\/div>\n\t\t\t\t\t<\/div>\n\t\t<\/section>\n\t\t\t\t<section class=\"elementor-section elementor-top-section elementor-element elementor-element-6314cbb elementor-section-full_width elementor-section-height-default elementor-section-height-default\" data-id=\"6314cbb\" data-element_type=\"section\" data-settings=\"{&quot;background_background&quot;:&quot;classic&quot;,&quot;shape_divider_top&quot;:&quot;tilt&quot;,&quot;_ha_eqh_enable&quot;:false}\">\n\t\t\t\t\t<div class=\"elementor-shape elementor-shape-top\" data-negative=\"false\">\n\t\t\t<svg xmlns=\"http:\/\/www.w3.org\/2000\/svg\" viewbox=\"0 0 1000 100\" preserveaspectratio=\"none\">\n\t<path class=\"elementor-shape-fill\" d=\"M0,6V0h1000v100L0,6z\"\/>\n<\/svg>\t\t<\/div>\n\t\t\t\t\t<div class=\"elementor-container elementor-column-gap-default\">\n\t\t\t\t\t<div class=\"elementor-column elementor-col-100 elementor-top-column elementor-element elementor-element-796462f\" data-id=\"796462f\" data-element_type=\"column\">\n\t\t\t<div class=\"elementor-widget-wrap elementor-element-populated\">\n\t\t\t\t\t\t<section class=\"elementor-section elementor-inner-section elementor-element elementor-element-b4ee895 elementor-section-full_width elementor-section-height-default elementor-section-height-default\" data-id=\"b4ee895\" data-element_type=\"section\" data-settings=\"{&quot;_ha_eqh_enable&quot;:false}\">\n\t\t\t\t\t\t<div class=\"elementor-container elementor-column-gap-default\">\n\t\t\t\t\t<div class=\"elementor-column elementor-col-100 elementor-inner-column elementor-element elementor-element-3abe63e\" data-id=\"3abe63e\" data-element_type=\"column\">\n\t\t\t<div class=\"elementor-widget-wrap elementor-element-populated\">\n\t\t\t\t\t\t<div class=\"elementor-element elementor-element-24b6603 pp-equal-height-yes elementor-grid-3 elementor-grid-tablet-2 elementor-grid-mobile-1 elementor-widget elementor-widget-pp-posts\" data-id=\"24b6603\" data-element_type=\"widget\" data-widget_type=\"pp-posts.classic\">\n\t\t\t\t<div class=\"elementor-widget-container\">\n\t\t\t\t\t\t\t<div class=\"pp-posts-container\">\n\t\t\t\n\t\t\t\t\t\t\t\t\t\t\n\t\t\t<div class=\"pp-posts pp-posts-skin-classic elementor-grid pp-posts-grid\" data-query-type=\"custom\" data-layout=\"grid\" data-page=\"272\" data-skin=\"classic\">\n\t\t\t\t\t\t\t\t\t\t\t<div class=\"pp-post-wrap pp-grid-item-wrap elementor-grid-item post-5215 post type-post status-publish format-standard has-post-thumbnail hentry category-uncategorized\">\n\t\t\t\t\t\t<div class=\"pp-post pp-grid-item\">\n\t\t\t\t\t\t<div class=\"pp-post-thumbnail\">\n\t\t\t<a class=\"pp-post-thumbnail-wrap\" href=\"https:\/\/kainagua.com.br\/en\/blog\/uncategorized\/funcionamento-da-academia-no-fim-de-ano\/\" title=\"Funcionamento da academia no fim de ano\">\n\t\t\t\t<img fetchpriority=\"high\" decoding=\"async\" width=\"800\" height=\"1000\" src=\"https:\/\/kainagua.com.br\/wp-content\/uploads\/2025\/12\/595202210_1281398414020049_8184833348161664694_n-819x1024.jpg\" class=\"attachment-large size-large wp-image-5216\" alt=\"\" srcset=\"https:\/\/kainagua.com.br\/wp-content\/uploads\/2025\/12\/595202210_1281398414020049_8184833348161664694_n-819x1024.jpg 819w, https:\/\/kainagua.com.br\/wp-content\/uploads\/2025\/12\/595202210_1281398414020049_8184833348161664694_n-240x300.jpg 240w, https:\/\/kainagua.com.br\/wp-content\/uploads\/2025\/12\/595202210_1281398414020049_8184833348161664694_n-768x960.jpg 768w, https:\/\/kainagua.com.br\/wp-content\/uploads\/2025\/12\/595202210_1281398414020049_8184833348161664694_n-10x12.jpg 10w, https:\/\/kainagua.com.br\/wp-content\/uploads\/2025\/12\/595202210_1281398414020049_8184833348161664694_n.jpg 1080w\" sizes=\"(max-width: 800px) 100vw, 800px\" \/>\t\t\t<\/a>\n\t\t<\/div>\n\t\t\n\t\t\t\t\n\t\t\t\t<div class=\"pp-post-content-wrap\">\n\t\t\t\t\t<div class=\"pp-post-content\">\n\t\t\t\t\t\t\t\t\t\t\t\t<h2 class=\"pp-post-title\">\n\t\t\t\t<a href=\"https:\/\/kainagua.com.br\/en\/blog\/uncategorized\/funcionamento-da-academia-no-fim-de-ano\/\">Funcionamento da academia no fim de ano<\/a>\t\t\t<\/h2>\n\t\t\t\t\t\t\t\t\t<div class=\"pp-post-meta\">\n\t\t\t\t\t\t\t<\/div>\n\t\t\t\t\t\t\t<div class=\"pp-post-excerpt\">\n\t\t\t<p>Encerramos mais um ano com gratid\u00e3o por cada treino, conquista e energia compartilhada com voc\u00eas! \ud83d\udc99Para que todos possam se ...<\/p>\n\t\t<\/div>\n\t\t\t\t\t\t\t\t\t<\/div>\n\t\t\t\t\t\t\t\t\t<\/div>\n\n\t\t\t\t\t\t\t<\/div>\n\t\t\t\t\t<\/div>\n\t\t\t\t<div class=\"pp-post-wrap pp-grid-item-wrap elementor-grid-item post-5204 post type-post status-publish format-standard has-post-thumbnail hentry category-uncategorized\">\n\t\t\t\t\t\t<div class=\"pp-post pp-grid-item\">\n\t\t\t\t\t\t<div class=\"pp-post-thumbnail\">\n\t\t\t<a class=\"pp-post-thumbnail-wrap\" href=\"https:\/\/kainagua.com.br\/en\/blog\/uncategorized\/academia-no-portal-do-morumbi-para-todas-as-idades\/\" title=\"Academia no Portal do Morumbi para todas as idades: Descubra a Kainagua\">\n\t\t\t\t<img decoding=\"async\" width=\"576\" height=\"720\" src=\"https:\/\/kainagua.com.br\/wp-content\/uploads\/2025\/10\/Imagem1.png\" class=\"attachment-large size-large wp-image-5209\" alt=\"\" srcset=\"https:\/\/kainagua.com.br\/wp-content\/uploads\/2025\/10\/Imagem1.png 576w, https:\/\/kainagua.com.br\/wp-content\/uploads\/2025\/10\/Imagem1-240x300.png 240w, https:\/\/kainagua.com.br\/wp-content\/uploads\/2025\/10\/Imagem1-10x12.png 10w\" sizes=\"(max-width: 576px) 100vw, 576px\" \/>\t\t\t<\/a>\n\t\t<\/div>\n\t\t\n\t\t\t\t\n\t\t\t\t<div class=\"pp-post-content-wrap\">\n\t\t\t\t\t<div class=\"pp-post-content\">\n\t\t\t\t\t\t\t\t\t\t\t\t<h2 class=\"pp-post-title\">\n\t\t\t\t<a href=\"https:\/\/kainagua.com.br\/en\/blog\/uncategorized\/academia-no-portal-do-morumbi-para-todas-as-idades\/\">Academia no Portal do Morumbi para todas as idades: Descubra a Kainagua<\/a>\t\t\t<\/h2>\n\t\t\t\t\t\t\t\t\t<div class=\"pp-post-meta\">\n\t\t\t\t\t\t\t<\/div>\n\t\t\t\t\t\t\t<div class=\"pp-post-excerpt\">\n\t\t\t<p>Academia no Portal do Morumbi para todas as idades: Descubra a Kainagua Na Academia Kainagua, o treino come\u00e7a com um ...<\/p>\n\t\t<\/div>\n\t\t\t\t\t\t\t\t\t<\/div>\n\t\t\t\t\t\t\t\t\t<\/div>\n\n\t\t\t\t\t\t\t<\/div>\n\t\t\t\t\t<\/div>\n\t\t\t\t<div class=\"pp-post-wrap pp-grid-item-wrap elementor-grid-item post-5122 post type-post status-publish format-standard has-post-thumbnail hentry category-uncategorized tag-atividade-fisica-e-ansiedade tag-autoestima-e-atividade-fisica tag-beneficios-do-treino-para-o-cerebro tag-como-o-exercicio-melhora-o-humor tag-endorfina-e-saude-emocional tag-saude-mental-e-exercicio-fisico tag-treino-e-bem-estar tag-treino-e-qualidade-do-sono\">\n\t\t\t\t\t\t<div class=\"pp-post pp-grid-item\">\n\t\t\t\t\t\t<div class=\"pp-post-thumbnail\">\n\t\t\t<a class=\"pp-post-thumbnail-wrap\" href=\"https:\/\/kainagua.com.br\/en\/blog\/uncategorized\/treinar-e-cuidar-da-saude-mental-descubra-os-beneficios-emocionais-da-atividade-fisica\/\" title=\"Treinar \u00e9 Cuidar da Sa\u00fade Mental: Descubra os Benef\u00edcios Emocionais da Atividade F\u00edsica\">\n\t\t\t\t<img decoding=\"async\" width=\"800\" height=\"1000\" src=\"https:\/\/kainagua.com.br\/wp-content\/uploads\/2025\/05\/487427217_1076570757836150_6135084721560871450_n-819x1024.jpg\" class=\"attachment-large size-large wp-image-5123\" alt=\"\" srcset=\"https:\/\/kainagua.com.br\/wp-content\/uploads\/2025\/05\/487427217_1076570757836150_6135084721560871450_n-819x1024.jpg 819w, https:\/\/kainagua.com.br\/wp-content\/uploads\/2025\/05\/487427217_1076570757836150_6135084721560871450_n-240x300.jpg 240w, https:\/\/kainagua.com.br\/wp-content\/uploads\/2025\/05\/487427217_1076570757836150_6135084721560871450_n-768x960.jpg 768w, https:\/\/kainagua.com.br\/wp-content\/uploads\/2025\/05\/487427217_1076570757836150_6135084721560871450_n-10x12.jpg 10w, https:\/\/kainagua.com.br\/wp-content\/uploads\/2025\/05\/487427217_1076570757836150_6135084721560871450_n.jpg 1080w\" sizes=\"(max-width: 800px) 100vw, 800px\" \/>\t\t\t<\/a>\n\t\t<\/div>\n\t\t\n\t\t\t\t\n\t\t\t\t<div class=\"pp-post-content-wrap\">\n\t\t\t\t\t<div class=\"pp-post-content\">\n\t\t\t\t\t\t\t\t\t\t\t\t<h2 class=\"pp-post-title\">\n\t\t\t\t<a href=\"https:\/\/kainagua.com.br\/en\/blog\/uncategorized\/treinar-e-cuidar-da-saude-mental-descubra-os-beneficios-emocionais-da-atividade-fisica\/\">Treinar \u00e9 Cuidar da Sa\u00fade Mental: Descubra os Benef\u00edcios Emocionais da Atividade F\u00edsica<\/a>\t\t\t<\/h2>\n\t\t\t\t\t\t\t\t\t<div class=\"pp-post-meta\">\n\t\t\t\t\t\t\t<\/div>\n\t\t\t\t\t\t\t<div class=\"pp-post-excerpt\">\n\t\t\t<p>Quando pensamos em treinar, muitas vezes associamos a pr\u00e1tica de exerc\u00edcios f\u00edsicos apenas \u00e0 transforma\u00e7\u00e3o do corpo. No entanto, a ...<\/p>\n\t\t<\/div>\n\t\t\t\t\t\t\t\t\t<\/div>\n\t\t\t\t\t\t\t\t\t<\/div>\n\n\t\t\t\t\t\t\t<\/div>\n\t\t\t\t\t<\/div>\n\t\t\t\t\t\t\t\t\t<\/div>\n\t\t\t\n\t\t\t\n\t\t\t\n\t\t\t\n\t\t\t\t\t\t\t\t\t\t\t\t<\/div>\n\n\t\t\n\t\t\t\t\t\t<\/div>\n\t\t\t\t<\/div>\n\t\t\t\t\t<\/div>\n\t\t<\/div>\n\t\t\t\t\t<\/div>\n\t\t<\/section>\n\t\t\t\t\t<\/div>\n\t\t<\/div>\n\t\t\t\t\t<\/div>\n\t\t<\/section>\n\t\t\t\t<\/div>","protected":false},"excerpt":{"rendered":"<p>BLOG Atividade F\u00edsica regular reduz risco de interna\u00e7\u00e3o por COVID-19 Pesquisadores das Universidade de S\u00e3o Paulo (USP), Universidade do Estado do Rio de Janeiro (Uerj), Universidade Federal de Minas Gerais &#8230; Programa Idade Ativa Voc\u00ea tem um idoso em casa? E voc\u00ea se preocupa com a longevidade dele? Se sua resposta foi sim, temos &#8230;<\/p>","protected":false},"author":1,"featured_media":0,"parent":0,"menu_order":0,"comment_status":"closed","ping_status":"closed","template":"","meta":{"footnotes":""},"class_list":["post-272","page","type-page","status-publish","hentry"],"yoast_head":"<!-- This site is optimized with the Yoast SEO plugin v24.6 - https:\/\/yoast.com\/wordpress\/plugins\/seo\/ -->\n<title>Blog - Kain\u00e1gua<\/title>\n<meta name=\"robots\" content=\"index, follow, max-snippet:-1, max-image-preview:large, max-video-preview:-1\" \/>\n<link rel=\"canonical\" href=\"https:\/\/kainagua.com.br\/en\/blog\/\" \/>\n<meta property=\"og:locale\" content=\"en_US\" \/>\n<meta property=\"og:type\" content=\"article\" \/>\n<meta property=\"og:title\" content=\"Blog - Kain\u00e1gua\" \/>\n<meta property=\"og:description\" content=\"BLOG Atividade F\u00edsica regular reduz risco de interna\u00e7\u00e3o por COVID-19 Pesquisadores das Universidade de S\u00e3o Paulo (USP), Universidade do Estado do Rio de Janeiro (Uerj), Universidade Federal de Minas Gerais &#8230; Programa Idade Ativa Voc\u00ea tem um idoso em casa? E voc\u00ea se preocupa com a longevidade dele? Se sua resposta foi sim, temos &#8230;\" \/>\n<meta property=\"og:url\" content=\"https:\/\/kainagua.com.br\/en\/blog\/\" \/>\n<meta property=\"og:site_name\" content=\"Kain\u00e1gua\" \/>\n<meta property=\"article:modified_time\" content=\"2023-02-06T05:27:43+00:00\" \/>\n<meta property=\"og:image\" content=\"https:\/\/kainagua.com.br\/wp-content\/uploads\/2023\/02\/corona.jpg\" \/>\n<meta name=\"twitter:card\" content=\"summary_large_image\" \/>\n<meta name=\"twitter:label1\" content=\"Est. reading time\" \/>\n\t<meta name=\"twitter:data1\" content=\"1 minute\" \/>\n<script type=\"application\/ld+json\" class=\"yoast-schema-graph\">{\"@context\":\"https:\/\/schema.org\",\"@graph\":[{\"@type\":\"WebPage\",\"@id\":\"https:\/\/kainagua.com.br\/blog\/\",\"url\":\"https:\/\/kainagua.com.br\/blog\/\",\"name\":\"Blog - Kain\u00e1gua\",\"isPartOf\":{\"@id\":\"https:\/\/kainagua.com.br\/#website\"},\"primaryImageOfPage\":{\"@id\":\"https:\/\/kainagua.com.br\/blog\/#primaryimage\"},\"image\":{\"@id\":\"https:\/\/kainagua.com.br\/blog\/#primaryimage\"},\"thumbnailUrl\":\"https:\/\/kainagua.com.br\/wp-content\/uploads\/2023\/02\/corona.jpg\",\"datePublished\":\"2022-08-29T04:33:17+00:00\",\"dateModified\":\"2023-02-06T05:27:43+00:00\",\"breadcrumb\":{\"@id\":\"https:\/\/kainagua.com.br\/blog\/#breadcrumb\"},\"inLanguage\":\"en-US\",\"potentialAction\":[{\"@type\":\"ReadAction\",\"target\":[\"https:\/\/kainagua.com.br\/blog\/\"]}]},{\"@type\":\"ImageObject\",\"inLanguage\":\"en-US\",\"@id\":\"https:\/\/kainagua.com.br\/blog\/#primaryimage\",\"url\":\"https:\/\/kainagua.com.br\/wp-content\/uploads\/2023\/02\/corona.jpg\",\"contentUrl\":\"https:\/\/kainagua.com.br\/wp-content\/uploads\/2023\/02\/corona.jpg\"},{\"@type\":\"BreadcrumbList\",\"@id\":\"https:\/\/kainagua.com.br\/blog\/#breadcrumb\",\"itemListElement\":[{\"@type\":\"ListItem\",\"position\":1,\"name\":\"In\u00edcio\",\"item\":\"https:\/\/kainagua.com.br\/\"},{\"@type\":\"ListItem\",\"position\":2,\"name\":\"Blog\"}]},{\"@type\":\"WebSite\",\"@id\":\"https:\/\/kainagua.com.br\/#website\",\"url\":\"https:\/\/kainagua.com.br\/\",\"name\":\"Kain\u00e1gua\",\"description\":\"Vida saud\u00e1vel e bem estar para toda a fam\u00edlia!\",\"publisher\":{\"@id\":\"https:\/\/kainagua.com.br\/#organization\"},\"potentialAction\":[{\"@type\":\"SearchAction\",\"target\":{\"@type\":\"EntryPoint\",\"urlTemplate\":\"https:\/\/kainagua.com.br\/?s={search_term_string}\"},\"query-input\":{\"@type\":\"PropertyValueSpecification\",\"valueRequired\":true,\"valueName\":\"search_term_string\"}}],\"inLanguage\":\"en-US\"},{\"@type\":\"Organization\",\"@id\":\"https:\/\/kainagua.com.br\/#organization\",\"name\":\"Kain\u00e1gua\",\"url\":\"https:\/\/kainagua.com.br\/\",\"logo\":{\"@type\":\"ImageObject\",\"inLanguage\":\"en-US\",\"@id\":\"https:\/\/kainagua.com.br\/#\/schema\/logo\/image\/\",\"url\":\"https:\/\/kainagua.com.br\/wp-content\/uploads\/2022\/09\/logo-kainagua-rodape-min.png\",\"contentUrl\":\"https:\/\/kainagua.com.br\/wp-content\/uploads\/2022\/09\/logo-kainagua-rodape-min.png\",\"width\":255,\"height\":53,\"caption\":\"Kain\u00e1gua\"},\"image\":{\"@id\":\"https:\/\/kainagua.com.br\/#\/schema\/logo\/image\/\"}}]}<\/script>\n<!-- \/ Yoast SEO plugin. -->","yoast_head_json":{"title":"Blog - Kain\u00e1gua","robots":{"index":"index","follow":"follow","max-snippet":"max-snippet:-1","max-image-preview":"max-image-preview:large","max-video-preview":"max-video-preview:-1"},"canonical":"https:\/\/kainagua.com.br\/en\/blog\/","og_locale":"en_US","og_type":"article","og_title":"Blog - Kain\u00e1gua","og_description":"BLOG Atividade F\u00edsica regular reduz risco de interna\u00e7\u00e3o por COVID-19 Pesquisadores das Universidade de S\u00e3o Paulo (USP), Universidade do Estado do Rio de Janeiro (Uerj), Universidade Federal de Minas Gerais &#8230; Programa Idade Ativa Voc\u00ea tem um idoso em casa? E voc\u00ea se preocupa com a longevidade dele? Se sua resposta foi sim, temos &#8230;","og_url":"https:\/\/kainagua.com.br\/en\/blog\/","og_site_name":"Kain\u00e1gua","article_modified_time":"2023-02-06T05:27:43+00:00","og_image":[{"url":"https:\/\/kainagua.com.br\/wp-content\/uploads\/2023\/02\/corona.jpg","type":"","width":"","height":""}],"twitter_card":"summary_large_image","twitter_misc":{"Est. reading time":"1 minute"},"schema":{"@context":"https:\/\/schema.org","@graph":[{"@type":"WebPage","@id":"https:\/\/kainagua.com.br\/blog\/","url":"https:\/\/kainagua.com.br\/blog\/","name":"Blog - Kain\u00e1gua","isPartOf":{"@id":"https:\/\/kainagua.com.br\/#website"},"primaryImageOfPage":{"@id":"https:\/\/kainagua.com.br\/blog\/#primaryimage"},"image":{"@id":"https:\/\/kainagua.com.br\/blog\/#primaryimage"},"thumbnailUrl":"https:\/\/kainagua.com.br\/wp-content\/uploads\/2023\/02\/corona.jpg","datePublished":"2022-08-29T04:33:17+00:00","dateModified":"2023-02-06T05:27:43+00:00","breadcrumb":{"@id":"https:\/\/kainagua.com.br\/blog\/#breadcrumb"},"inLanguage":"en-US","potentialAction":[{"@type":"ReadAction","target":["https:\/\/kainagua.com.br\/blog\/"]}]},{"@type":"ImageObject","inLanguage":"en-US","@id":"https:\/\/kainagua.com.br\/blog\/#primaryimage","url":"https:\/\/kainagua.com.br\/wp-content\/uploads\/2023\/02\/corona.jpg","contentUrl":"https:\/\/kainagua.com.br\/wp-content\/uploads\/2023\/02\/corona.jpg"},{"@type":"BreadcrumbList","@id":"https:\/\/kainagua.com.br\/blog\/#breadcrumb","itemListElement":[{"@type":"ListItem","position":1,"name":"In\u00edcio","item":"https:\/\/kainagua.com.br\/"},{"@type":"ListItem","position":2,"name":"Blog"}]},{"@type":"WebSite","@id":"https:\/\/kainagua.com.br\/#website","url":"https:\/\/kainagua.com.br\/","name":"Kain\u00e1gua","description":"Vida saud\u00e1vel e bem estar para toda a fam\u00edlia!","publisher":{"@id":"https:\/\/kainagua.com.br\/#organization"},"potentialAction":[{"@type":"SearchAction","target":{"@type":"EntryPoint","urlTemplate":"https:\/\/kainagua.com.br\/?s={search_term_string}"},"query-input":{"@type":"PropertyValueSpecification","valueRequired":true,"valueName":"search_term_string"}}],"inLanguage":"en-US"},{"@type":"Organization","@id":"https:\/\/kainagua.com.br\/#organization","name":"Kain\u00e1gua","url":"https:\/\/kainagua.com.br\/","logo":{"@type":"ImageObject","inLanguage":"en-US","@id":"https:\/\/kainagua.com.br\/#\/schema\/logo\/image\/","url":"https:\/\/kainagua.com.br\/wp-content\/uploads\/2022\/09\/logo-kainagua-rodape-min.png","contentUrl":"https:\/\/kainagua.com.br\/wp-content\/uploads\/2022\/09\/logo-kainagua-rodape-min.png","width":255,"height":53,"caption":"Kain\u00e1gua"},"image":{"@id":"https:\/\/kainagua.com.br\/#\/schema\/logo\/image\/"}}]}},"_links":{"self":[{"href":"https:\/\/kainagua.com.br\/en\/wp-json\/wp\/v2\/pages\/272","targetHints":{"allow":["GET"]}}],"collection":[{"href":"https:\/\/kainagua.com.br\/en\/wp-json\/wp\/v2\/pages"}],"about":[{"href":"https:\/\/kainagua.com.br\/en\/wp-json\/wp\/v2\/types\/page"}],"author":[{"embeddable":true,"href":"https:\/\/kainagua.com.br\/en\/wp-json\/wp\/v2\/users\/1"}],"replies":[{"embeddable":true,"href":"https:\/\/kainagua.com.br\/en\/wp-json\/wp\/v2\/comments?post=272"}],"version-history":[{"count":28,"href":"https:\/\/kainagua.com.br\/en\/wp-json\/wp\/v2\/pages\/272\/revisions"}],"predecessor-version":[{"id":4378,"href":"https:\/\/kainagua.com.br\/en\/wp-json\/wp\/v2\/pages\/272\/revisions\/4378"}],"wp:attachment":[{"href":"https:\/\/kainagua.com.br\/en\/wp-json\/wp\/v2\/media?parent=272"}],"curies":[{"name":"wp","href":"https:\/\/api.w.org\/{rel}","templated":true}]}}