{"id":3833,"date":"2023-01-29T01:55:14","date_gmt":"2023-01-29T01:55:14","guid":{"rendered":"https:\/\/kainagua.com.br\/?page_id=3833"},"modified":"2024-09-16T18:26:42","modified_gmt":"2024-09-16T18:26:42","slug":"plano-kids","status":"publish","type":"page","link":"https:\/\/kainagua.com.br\/en\/planos-e-promocoes\/plano-kids\/","title":{"rendered":"Plano Super Kids"},"content":{"rendered":"<div data-elementor-type=\"wp-page\" data-elementor-id=\"3833\" class=\"elementor elementor-3833\" data-elementor-settings=\"{&quot;ha_cmc_init_switcher&quot;:&quot;no&quot;}\" data-elementor-post-type=\"page\">\n\t\t\t\t\t\t<section class=\"elementor-section elementor-top-section elementor-element elementor-element-cffd289 elementor-section-full_width diagon-title elementor-section-height-default elementor-section-height-default\" data-id=\"cffd289\" data-element_type=\"section\" data-settings=\"{&quot;background_background&quot;:&quot;classic&quot;,&quot;_ha_eqh_enable&quot;:false}\">\n\t\t\t\t\t\t<div class=\"elementor-container elementor-column-gap-default\">\n\t\t\t\t\t<div class=\"elementor-column elementor-col-100 elementor-top-column elementor-element elementor-element-b8ba52b\" data-id=\"b8ba52b\" data-element_type=\"column\" data-settings=\"{&quot;background_background&quot;:&quot;classic&quot;}\">\n\t\t\t<div class=\"elementor-widget-wrap elementor-element-populated\">\n\t\t\t\t\t\t<section class=\"elementor-section elementor-inner-section elementor-element elementor-element-de40b75 elementor-section-full_width elementor-section-height-default elementor-section-height-default\" data-id=\"de40b75\" data-element_type=\"section\" data-settings=\"{&quot;background_background&quot;:&quot;classic&quot;,&quot;_ha_eqh_enable&quot;:false}\">\n\t\t\t\t\t\t<div class=\"elementor-container elementor-column-gap-default\">\n\t\t\t\t\t<div class=\"elementor-column elementor-col-100 elementor-inner-column elementor-element elementor-element-d6dbd76\" data-id=\"d6dbd76\" data-element_type=\"column\">\n\t\t\t<div class=\"elementor-widget-wrap elementor-element-populated\">\n\t\t\t\t\t\t<div class=\"elementor-element elementor-element-8a217b0 diatitle elementor-widget elementor-widget-heading\" data-id=\"8a217b0\" data-element_type=\"widget\" data-widget_type=\"heading.default\">\n\t\t\t\t<div class=\"elementor-widget-container\">\n\t\t\t\t\t<h1 class=\"elementor-heading-title elementor-size-default\">Plano Super Kids<\/h1>\t\t\t\t<\/div>\n\t\t\t\t<\/div>\n\t\t\t\t\t<\/div>\n\t\t<\/div>\n\t\t\t\t\t<\/div>\n\t\t<\/section>\n\t\t\t\t\t<\/div>\n\t\t<\/div>\n\t\t\t\t\t<\/div>\n\t\t<\/section>\n\t\t\t\t<section class=\"elementor-section elementor-top-section elementor-element elementor-element-30d1836 elementor-section-full_width elementor-section-height-default elementor-section-height-default elementor-invisible\" data-id=\"30d1836\" data-element_type=\"section\" data-settings=\"{&quot;background_background&quot;:&quot;classic&quot;,&quot;animation&quot;:&quot;fadeInUp&quot;,&quot;_ha_eqh_enable&quot;:false}\">\n\t\t\t\t\t\t<div class=\"elementor-container elementor-column-gap-default\">\n\t\t\t\t\t<div class=\"elementor-column elementor-col-100 elementor-top-column elementor-element elementor-element-b0ab746\" data-id=\"b0ab746\" data-element_type=\"column\" data-settings=\"{&quot;background_background&quot;:&quot;classic&quot;}\">\n\t\t\t<div class=\"elementor-widget-wrap elementor-element-populated\">\n\t\t\t\t\t\t<section class=\"elementor-section elementor-inner-section elementor-element elementor-element-ec7410d elementor-section-boxed elementor-section-height-default elementor-section-height-default\" data-id=\"ec7410d\" data-element_type=\"section\" data-settings=\"{&quot;_ha_eqh_enable&quot;:false}\">\n\t\t\t\t\t\t<div class=\"elementor-container elementor-column-gap-default\">\n\t\t\t\t\t<div class=\"elementor-column elementor-col-100 elementor-inner-column elementor-element elementor-element-5bc4b93\" data-id=\"5bc4b93\" data-element_type=\"column\" data-settings=\"{&quot;background_background&quot;:&quot;classic&quot;}\">\n\t\t\t<div class=\"elementor-widget-wrap elementor-element-populated\">\n\t\t\t\t\t\t\t<\/div>\n\t\t<\/div>\n\t\t\t\t\t<\/div>\n\t\t<\/section>\n\t\t\t\t\t<\/div>\n\t\t<\/div>\n\t\t\t\t\t<\/div>\n\t\t<\/section>\n\t\t\t\t<section class=\"elementor-section elementor-top-section elementor-element elementor-element-e9bffbf elementor-section-full_width elementor-section-height-default elementor-section-height-default elementor-invisible\" data-id=\"e9bffbf\" data-element_type=\"section\" data-settings=\"{&quot;background_background&quot;:&quot;classic&quot;,&quot;animation&quot;:&quot;fadeInUp&quot;,&quot;_ha_eqh_enable&quot;:false}\">\n\t\t\t\t\t\t<div class=\"elementor-container elementor-column-gap-default\">\n\t\t\t\t\t<div class=\"elementor-column elementor-col-100 elementor-top-column elementor-element elementor-element-e3f63bb\" data-id=\"e3f63bb\" data-element_type=\"column\" data-settings=\"{&quot;background_background&quot;:&quot;classic&quot;}\">\n\t\t\t<div class=\"elementor-widget-wrap elementor-element-populated\">\n\t\t\t\t\t\t<section class=\"elementor-section elementor-inner-section elementor-element elementor-element-bb22b36 elementor-section-full_width elementor-section-height-default elementor-section-height-default\" data-id=\"bb22b36\" data-element_type=\"section\" data-settings=\"{&quot;_ha_eqh_enable&quot;:false}\">\n\t\t\t\t\t\t<div class=\"elementor-container elementor-column-gap-default\">\n\t\t\t\t\t<div class=\"elementor-column elementor-col-33 elementor-inner-column elementor-element elementor-element-cfc16f2\" data-id=\"cfc16f2\" data-element_type=\"column\">\n\t\t\t<div class=\"elementor-widget-wrap\">\n\t\t\t\t\t\t\t<\/div>\n\t\t<\/div>\n\t\t\t\t<div class=\"elementor-column elementor-col-33 elementor-inner-column elementor-element elementor-element-9b1db5d\" data-id=\"9b1db5d\" data-element_type=\"column\">\n\t\t\t<div class=\"elementor-widget-wrap elementor-element-populated\">\n\t\t\t\t\t\t<div class=\"elementor-element elementor-element-4b08f03 elementor-widget elementor-widget-heading\" data-id=\"4b08f03\" data-element_type=\"widget\" data-widget_type=\"heading.default\">\n\t\t\t\t<div class=\"elementor-widget-container\">\n\t\t\t\t\t<h2 class=\"elementor-heading-title elementor-size-default\">Conhe\u00e7a mais<\/h2>\t\t\t\t<\/div>\n\t\t\t\t<\/div>\n\t\t\t\t\t<\/div>\n\t\t<\/div>\n\t\t\t\t<div class=\"elementor-column elementor-col-33 elementor-inner-column elementor-element elementor-element-84021ea\" data-id=\"84021ea\" data-element_type=\"column\">\n\t\t\t<div class=\"elementor-widget-wrap\">\n\t\t\t\t\t\t\t<\/div>\n\t\t<\/div>\n\t\t\t\t\t<\/div>\n\t\t<\/section>\n\t\t\t\t\t<\/div>\n\t\t<\/div>\n\t\t\t\t\t<\/div>\n\t\t<\/section>\n\t\t\t\t<section class=\"elementor-section elementor-top-section elementor-element elementor-element-f070af1 elementor-section-full_width elementor-section-height-default elementor-section-height-default\" data-id=\"f070af1\" data-element_type=\"section\" data-settings=\"{&quot;_ha_eqh_enable&quot;:false}\">\n\t\t\t\t\t\t<div class=\"elementor-container elementor-column-gap-default\">\n\t\t\t\t\t<div class=\"elementor-column elementor-col-100 elementor-top-column elementor-element elementor-element-c293f59\" data-id=\"c293f59\" data-element_type=\"column\">\n\t\t\t<div class=\"elementor-widget-wrap elementor-element-populated\">\n\t\t\t\t\t\t<div class=\"elementor-element elementor-element-4499b8e elementor-widget elementor-widget-text-editor\" data-id=\"4499b8e\" data-element_type=\"widget\" data-widget_type=\"text-editor.default\">\n\t\t\t\t<div class=\"elementor-widget-container\">\n\t\t\t\t\t\t\t\t\t<p>O PLANO SUPER KIDS \u00e9 perfeito para as crian\u00e7as, pois com ele seu filho vai poder fazer aulas de nata\u00e7\u00e3o, futsal, jud\u00f4, ballet e muito mais. S\u00e3o v\u00e1rios os benef\u00edcios como: desenvolvimento f\u00edsico e motor, fazer novos amigos, aumento da disposi\u00e7\u00e3o, entre outros.<\/p><p>Seu filho pode ter tudo isso por um pre\u00e7o super especial, entre em contato e agende uma visita.<\/p>\t\t\t\t\t\t\t\t<\/div>\n\t\t\t\t<\/div>\n\t\t\t\t\t<\/div>\n\t\t<\/div>\n\t\t\t\t\t<\/div>\n\t\t<\/section>\n\t\t\t\t<section class=\"elementor-section elementor-top-section elementor-element elementor-element-6af2984 elementor-section-full_width elementor-section-height-default elementor-section-height-default\" data-id=\"6af2984\" data-element_type=\"section\" data-settings=\"{&quot;_ha_eqh_enable&quot;:false}\">\n\t\t\t\t\t\t<div class=\"elementor-container elementor-column-gap-default\">\n\t\t\t\t\t<div class=\"elementor-column elementor-col-50 elementor-top-column elementor-element elementor-element-bec6010\" data-id=\"bec6010\" data-element_type=\"column\">\n\t\t\t<div class=\"elementor-widget-wrap elementor-element-populated\">\n\t\t\t\t\t\t<div class=\"elementor-element elementor-element-ffe7b85 elementor-widget elementor-widget-heading\" data-id=\"ffe7b85\" data-element_type=\"widget\" data-widget_type=\"heading.default\">\n\t\t\t\t<div class=\"elementor-widget-container\">\n\t\t\t\t\t<h2 class=\"elementor-heading-title elementor-size-default\">Localiza\u00e7\u00e3o<\/h2>\t\t\t\t<\/div>\n\t\t\t\t<\/div>\n\t\t\t\t<div class=\"elementor-element elementor-element-c526cf0 elementor-widget elementor-widget-google_maps\" data-id=\"c526cf0\" data-element_type=\"widget\" data-widget_type=\"google_maps.default\">\n\t\t\t\t<div class=\"elementor-widget-container\">\n\t\t\t\t\t\t\t<div class=\"elementor-custom-embed\">\n\t\t\t<iframe loading=\"lazy\"\n\t\t\t\t\tsrc=\"https:\/\/maps.google.com\/maps?q=Avenida%20Doutor%20Guilherme%20Dumont%20Vilares%2C%20515%20%E2%80%93%20Morumbi%20%E2%80%93%20SP&#038;t=m&#038;z=13&#038;output=embed&#038;iwloc=near\"\n\t\t\t\t\ttitle=\"Avenida Doutor Guilherme Dumont Vilares, 515 \u2013 Morumbi \u2013 SP\"\n\t\t\t\t\taria-label=\"Avenida Doutor Guilherme Dumont Vilares, 515 \u2013 Morumbi \u2013 SP\"\n\t\t\t><\/iframe>\n\t\t<\/div>\n\t\t\t\t\t\t<\/div>\n\t\t\t\t<\/div>\n\t\t\t\t\t<\/div>\n\t\t<\/div>\n\t\t\t\t<div class=\"elementor-column elementor-col-50 elementor-top-column elementor-element elementor-element-996a6b6\" data-id=\"996a6b6\" data-element_type=\"column\" data-settings=\"{&quot;background_background&quot;:&quot;classic&quot;}\">\n\t\t\t<div class=\"elementor-widget-wrap elementor-element-populated\">\n\t\t\t\t\t\t<div class=\"elementor-element elementor-element-2cf6a6b elementor-widget elementor-widget-heading\" data-id=\"2cf6a6b\" data-element_type=\"widget\" data-widget_type=\"heading.default\">\n\t\t\t\t<div class=\"elementor-widget-container\">\n\t\t\t\t\t<h2 class=\"elementor-heading-title elementor-size-default\">ENTRE EM CONTATO<\/h2>\t\t\t\t<\/div>\n\t\t\t\t<\/div>\n\t\t\t\t<div class=\"elementor-element elementor-element-4dd301f elementor-widget elementor-widget-text-editor\" data-id=\"4dd301f\" data-element_type=\"widget\" data-widget_type=\"text-editor.default\">\n\t\t\t\t<div class=\"elementor-widget-container\">\n\t\t\t\t\t\t\t\t\tFale com a nossa equipe e conhe\u00e7a mais sobre essa e outras modalidades:\t\t\t\t\t\t\t\t<\/div>\n\t\t\t\t<\/div>\n\t\t\t\t<div class=\"elementor-element elementor-element-d9904b7 elementor-widget elementor-widget-shortcode\" data-id=\"d9904b7\" data-element_type=\"widget\" data-widget_type=\"shortcode.default\">\n\t\t\t\t<div class=\"elementor-widget-container\">\n\t\t\t\t\t\t\t<div class=\"elementor-shortcode\">\t\t<div data-elementor-type=\"section\" data-elementor-id=\"3418\" class=\"elementor elementor-3418\" data-elementor-settings=\"{&quot;ha_cmc_init_switcher&quot;:&quot;no&quot;}\" data-elementor-post-type=\"elementor_library\">\n\t\t\t\t\t<section class=\"elementor-section elementor-top-section elementor-element elementor-element-863e103 elementor-section-boxed elementor-section-height-default elementor-section-height-default\" data-id=\"863e103\" data-element_type=\"section\" data-settings=\"{&quot;_ha_eqh_enable&quot;:false}\">\n\t\t\t\t\t\t<div class=\"elementor-container elementor-column-gap-default\">\n\t\t\t\t\t<div class=\"elementor-column elementor-col-100 elementor-top-column elementor-element elementor-element-2d9b87f\" data-id=\"2d9b87f\" data-element_type=\"column\">\n\t\t\t<div class=\"elementor-widget-wrap elementor-element-populated\">\n\t\t\t\t\t\t<div class=\"elementor-element elementor-element-439914c elementor-button-align-stretch elementor-widget elementor-widget-form\" data-id=\"439914c\" data-element_type=\"widget\" data-settings=\"{&quot;step_next_label&quot;:&quot;Next&quot;,&quot;step_previous_label&quot;:&quot;Previous&quot;,&quot;button_width&quot;:&quot;100&quot;,&quot;step_type&quot;:&quot;number_text&quot;,&quot;step_icon_shape&quot;:&quot;circle&quot;}\" data-widget_type=\"form.default\">\n\t\t\t\t<div class=\"elementor-widget-container\">\n\t\t\t\t\t\t\t<form class=\"elementor-form\" method=\"post\" name=\"Novo Formul\u00e1rio\" action=\"\">\n\t\t\t<input type=\"hidden\" name=\"post_id\" value=\"3418\"\/>\n\t\t\t<input type=\"hidden\" name=\"form_id\" value=\"439914c\"\/>\n\t\t\t<input type=\"hidden\" name=\"referer_title\" value=\"Kain\u00e1gua\" \/>\n\n\t\t\t\n\t\t\t<div class=\"elementor-form-fields-wrapper elementor-labels-\">\n\t\t\t\t\t\t\t\t<div class=\"elementor-field-type-text elementor-field-group elementor-column elementor-field-group-field_49c9e10 elementor-col-100 elementor-field-required\">\n\t\t\t\t\t\t\t\t\t\t\t\t<label for=\"form-field-field_49c9e10\" class=\"elementor-field-label elementor-screen-only\">\n\t\t\t\t\t\t\t\tNome\t\t\t\t\t\t\t<\/label>\n\t\t\t\t\t\t\t\t\t\t\t\t\t\t<input size=\"1\" type=\"text\" name=\"form_fields[field_49c9e10]\" id=\"form-field-field_49c9e10\" class=\"elementor-field elementor-size-sm  elementor-field-textual\" placeholder=\"Nome\" required=\"required\">\n\t\t\t\t\t\t\t\t\t\t\t<\/div>\n\t\t\t\t\t\t\t\t<div class=\"elementor-field-type-email elementor-field-group elementor-column elementor-field-group-email elementor-col-100 elementor-field-required\">\n\t\t\t\t\t\t\t\t\t\t\t\t<label for=\"form-field-email\" class=\"elementor-field-label elementor-screen-only\">\n\t\t\t\t\t\t\t\tE-mail\t\t\t\t\t\t\t<\/label>\n\t\t\t\t\t\t\t\t\t\t\t\t\t\t<input size=\"1\" type=\"email\" name=\"form_fields[email]\" id=\"form-field-email\" class=\"elementor-field elementor-size-sm  elementor-field-textual\" placeholder=\"E-mail\" required=\"required\">\n\t\t\t\t\t\t\t\t\t\t\t<\/div>\n\t\t\t\t\t\t\t\t<div class=\"elementor-field-type-text elementor-field-group elementor-column elementor-field-group-field_20a882c elementor-col-100 elementor-field-required\">\n\t\t\t\t\t\t\t\t\t\t\t\t<label for=\"form-field-field_20a882c\" class=\"elementor-field-label elementor-screen-only\">\n\t\t\t\t\t\t\t\tDDD+Telefone\t\t\t\t\t\t\t<\/label>\n\t\t\t\t\t\t\t\t\t\t\t\t\t\t<input size=\"1\" type=\"text\" name=\"form_fields[field_20a882c]\" id=\"form-field-field_20a882c\" class=\"elementor-field elementor-size-sm  elementor-field-textual\" placeholder=\"DDD+Telefone\" required=\"required\">\n\t\t\t\t\t\t\t\t\t\t\t<\/div>\n\t\t\t\t\t\t\t\t<div class=\"elementor-field-type-textarea elementor-field-group elementor-column elementor-field-group-message elementor-col-100 elementor-field-required\">\n\t\t\t\t\t\t\t\t\t\t\t\t<label for=\"form-field-message\" class=\"elementor-field-label elementor-screen-only\">\n\t\t\t\t\t\t\t\tMensagem\t\t\t\t\t\t\t<\/label>\n\t\t\t\t\t\t<textarea class=\"elementor-field-textual elementor-field  elementor-size-sm\" name=\"form_fields[message]\" id=\"form-field-message\" rows=\"4\" placeholder=\"Mensagem\" required=\"required\"><\/textarea>\t\t\t\t<\/div>\n\t\t\t\t\t\t\t\t<div class=\"elementor-field-group elementor-column elementor-field-type-submit elementor-col-100 e-form__buttons\">\n\t\t\t\t\t<button class=\"elementor-button elementor-size-sm elementor-animation-float\" type=\"submit\">\n\t\t\t\t\t\t<span class=\"elementor-button-content-wrapper\">\n\t\t\t\t\t\t\t\t\t\t\t\t\t\t\t<span class=\"elementor-button-icon\">\n\t\t\t\t\t\t\t\t\t<i aria-hidden=\"true\" class=\"hm hm-envelop2\"><\/i>\t\t\t\t\t\t\t\t\t\t\t\t\t\t\t\t\t<\/span>\n\t\t\t\t\t\t\t\t\t\t\t\t\t\t\t\t\t\t\t\t\t\t<span class=\"elementor-button-text\">SOLICITAR CONTATO<\/span>\n\t\t\t\t\t\t\t\t\t\t\t\t\t<\/span>\n\t\t\t\t\t<\/button>\n\t\t\t\t<\/div>\n\t\t\t<\/div>\n\t\t<input type=\"hidden\" name=\"trp-form-language\" value=\"en\"\/><\/form>\n\t\t\t\t\t\t<\/div>\n\t\t\t\t<\/div>\n\t\t\t\t\t<\/div>\n\t\t<\/div>\n\t\t\t\t\t<\/div>\n\t\t<\/section>\n\t\t\t\t<\/div>\n\t\t<\/div>\n\t\t\t\t\t\t<\/div>\n\t\t\t\t<\/div>\n\t\t\t\t\t<\/div>\n\t\t<\/div>\n\t\t\t\t\t<\/div>\n\t\t<\/section>\n\t\t\t\t<\/div>","protected":false},"excerpt":{"rendered":"<p>Plano Super Kids Conhe\u00e7a mais O PLANO SUPER KIDS \u00e9 perfeito para as crian\u00e7as, pois com ele seu filho vai poder fazer aulas de nata\u00e7\u00e3o, futsal, jud\u00f4, ballet e muito mais. S\u00e3o v\u00e1rios os benef\u00edcios como: desenvolvimento f\u00edsico e motor, fazer novos amigos, aumento da disposi\u00e7\u00e3o, entre outros. Seu filho pode ter tudo isso por [&hellip;]<\/p>","protected":false},"author":1,"featured_media":0,"parent":3749,"menu_order":0,"comment_status":"closed","ping_status":"closed","template":"","meta":{"footnotes":""},"class_list":["post-3833","page","type-page","status-publish","hentry"],"yoast_head":"<!-- This site is optimized with the Yoast SEO plugin v24.6 - https:\/\/yoast.com\/wordpress\/plugins\/seo\/ -->\n<title>Plano Super Kids - Kain\u00e1gua<\/title>\n<meta name=\"robots\" content=\"index, follow, max-snippet:-1, max-image-preview:large, max-video-preview:-1\" \/>\n<link rel=\"canonical\" href=\"https:\/\/kainagua.com.br\/en\/planos-e-promocoes\/plano-kids\/\" \/>\n<meta property=\"og:locale\" content=\"en_US\" \/>\n<meta property=\"og:type\" content=\"article\" \/>\n<meta property=\"og:title\" content=\"Plano Super Kids - Kain\u00e1gua\" \/>\n<meta property=\"og:description\" content=\"Plano Super Kids Conhe\u00e7a mais O PLANO SUPER KIDS \u00e9 perfeito para as crian\u00e7as, pois com ele seu filho vai poder fazer aulas de nata\u00e7\u00e3o, futsal, jud\u00f4, ballet e muito mais. S\u00e3o v\u00e1rios os benef\u00edcios como: desenvolvimento f\u00edsico e motor, fazer novos amigos, aumento da disposi\u00e7\u00e3o, entre outros. Seu filho pode ter tudo isso por [&hellip;]\" \/>\n<meta property=\"og:url\" content=\"https:\/\/kainagua.com.br\/en\/planos-e-promocoes\/plano-kids\/\" \/>\n<meta property=\"og:site_name\" content=\"Kain\u00e1gua\" \/>\n<meta property=\"article:modified_time\" content=\"2024-09-16T18:26:42+00:00\" \/>\n<meta name=\"twitter:card\" content=\"summary_large_image\" \/>\n<meta name=\"twitter:label1\" content=\"Est. reading time\" \/>\n\t<meta name=\"twitter:data1\" content=\"1 minute\" \/>\n<script type=\"application\/ld+json\" class=\"yoast-schema-graph\">{\"@context\":\"https:\/\/schema.org\",\"@graph\":[{\"@type\":\"WebPage\",\"@id\":\"https:\/\/kainagua.com.br\/planos-e-promocoes\/plano-kids\/\",\"url\":\"https:\/\/kainagua.com.br\/planos-e-promocoes\/plano-kids\/\",\"name\":\"Plano Super Kids - Kain\u00e1gua\",\"isPartOf\":{\"@id\":\"https:\/\/kainagua.com.br\/#website\"},\"datePublished\":\"2023-01-29T01:55:14+00:00\",\"dateModified\":\"2024-09-16T18:26:42+00:00\",\"breadcrumb\":{\"@id\":\"https:\/\/kainagua.com.br\/planos-e-promocoes\/plano-kids\/#breadcrumb\"},\"inLanguage\":\"en-US\",\"potentialAction\":[{\"@type\":\"ReadAction\",\"target\":[\"https:\/\/kainagua.com.br\/planos-e-promocoes\/plano-kids\/\"]}]},{\"@type\":\"BreadcrumbList\",\"@id\":\"https:\/\/kainagua.com.br\/planos-e-promocoes\/plano-kids\/#breadcrumb\",\"itemListElement\":[{\"@type\":\"ListItem\",\"position\":1,\"name\":\"In\u00edcio\",\"item\":\"https:\/\/kainagua.com.br\/\"},{\"@type\":\"ListItem\",\"position\":2,\"name\":\"Planos e Promo\u00e7\u00f5es\",\"item\":\"https:\/\/kainagua.com.br\/planos-e-promocoes\/\"},{\"@type\":\"ListItem\",\"position\":3,\"name\":\"Plano Super Kids\"}]},{\"@type\":\"WebSite\",\"@id\":\"https:\/\/kainagua.com.br\/#website\",\"url\":\"https:\/\/kainagua.com.br\/\",\"name\":\"Kain\u00e1gua\",\"description\":\"Vida saud\u00e1vel e bem estar para toda a fam\u00edlia!\",\"publisher\":{\"@id\":\"https:\/\/kainagua.com.br\/#organization\"},\"potentialAction\":[{\"@type\":\"SearchAction\",\"target\":{\"@type\":\"EntryPoint\",\"urlTemplate\":\"https:\/\/kainagua.com.br\/?s={search_term_string}\"},\"query-input\":{\"@type\":\"PropertyValueSpecification\",\"valueRequired\":true,\"valueName\":\"search_term_string\"}}],\"inLanguage\":\"en-US\"},{\"@type\":\"Organization\",\"@id\":\"https:\/\/kainagua.com.br\/#organization\",\"name\":\"Kain\u00e1gua\",\"url\":\"https:\/\/kainagua.com.br\/\",\"logo\":{\"@type\":\"ImageObject\",\"inLanguage\":\"en-US\",\"@id\":\"https:\/\/kainagua.com.br\/#\/schema\/logo\/image\/\",\"url\":\"https:\/\/kainagua.com.br\/wp-content\/uploads\/2022\/09\/logo-kainagua-rodape-min.png\",\"contentUrl\":\"https:\/\/kainagua.com.br\/wp-content\/uploads\/2022\/09\/logo-kainagua-rodape-min.png\",\"width\":255,\"height\":53,\"caption\":\"Kain\u00e1gua\"},\"image\":{\"@id\":\"https:\/\/kainagua.com.br\/#\/schema\/logo\/image\/\"}}]}<\/script>\n<!-- \/ Yoast SEO plugin. -->","yoast_head_json":{"title":"Plano Super Kids - Kain\u00e1gua","robots":{"index":"index","follow":"follow","max-snippet":"max-snippet:-1","max-image-preview":"max-image-preview:large","max-video-preview":"max-video-preview:-1"},"canonical":"https:\/\/kainagua.com.br\/en\/planos-e-promocoes\/plano-kids\/","og_locale":"en_US","og_type":"article","og_title":"Plano Super Kids - Kain\u00e1gua","og_description":"Plano Super Kids Conhe\u00e7a mais O PLANO SUPER KIDS \u00e9 perfeito para as crian\u00e7as, pois com ele seu filho vai poder fazer aulas de nata\u00e7\u00e3o, futsal, jud\u00f4, ballet e muito mais. S\u00e3o v\u00e1rios os benef\u00edcios como: desenvolvimento f\u00edsico e motor, fazer novos amigos, aumento da disposi\u00e7\u00e3o, entre outros. Seu filho pode ter tudo isso por [&hellip;]","og_url":"https:\/\/kainagua.com.br\/en\/planos-e-promocoes\/plano-kids\/","og_site_name":"Kain\u00e1gua","article_modified_time":"2024-09-16T18:26:42+00:00","twitter_card":"summary_large_image","twitter_misc":{"Est. reading time":"1 minute"},"schema":{"@context":"https:\/\/schema.org","@graph":[{"@type":"WebPage","@id":"https:\/\/kainagua.com.br\/planos-e-promocoes\/plano-kids\/","url":"https:\/\/kainagua.com.br\/planos-e-promocoes\/plano-kids\/","name":"Plano Super Kids - Kain\u00e1gua","isPartOf":{"@id":"https:\/\/kainagua.com.br\/#website"},"datePublished":"2023-01-29T01:55:14+00:00","dateModified":"2024-09-16T18:26:42+00:00","breadcrumb":{"@id":"https:\/\/kainagua.com.br\/planos-e-promocoes\/plano-kids\/#breadcrumb"},"inLanguage":"en-US","potentialAction":[{"@type":"ReadAction","target":["https:\/\/kainagua.com.br\/planos-e-promocoes\/plano-kids\/"]}]},{"@type":"BreadcrumbList","@id":"https:\/\/kainagua.com.br\/planos-e-promocoes\/plano-kids\/#breadcrumb","itemListElement":[{"@type":"ListItem","position":1,"name":"In\u00edcio","item":"https:\/\/kainagua.com.br\/"},{"@type":"ListItem","position":2,"name":"Planos e Promo\u00e7\u00f5es","item":"https:\/\/kainagua.com.br\/planos-e-promocoes\/"},{"@type":"ListItem","position":3,"name":"Plano Super Kids"}]},{"@type":"WebSite","@id":"https:\/\/kainagua.com.br\/#website","url":"https:\/\/kainagua.com.br\/","name":"Kain\u00e1gua","description":"Vida saud\u00e1vel e bem estar para toda a fam\u00edlia!","publisher":{"@id":"https:\/\/kainagua.com.br\/#organization"},"potentialAction":[{"@type":"SearchAction","target":{"@type":"EntryPoint","urlTemplate":"https:\/\/kainagua.com.br\/?s={search_term_string}"},"query-input":{"@type":"PropertyValueSpecification","valueRequired":true,"valueName":"search_term_string"}}],"inLanguage":"en-US"},{"@type":"Organization","@id":"https:\/\/kainagua.com.br\/#organization","name":"Kain\u00e1gua","url":"https:\/\/kainagua.com.br\/","logo":{"@type":"ImageObject","inLanguage":"en-US","@id":"https:\/\/kainagua.com.br\/#\/schema\/logo\/image\/","url":"https:\/\/kainagua.com.br\/wp-content\/uploads\/2022\/09\/logo-kainagua-rodape-min.png","contentUrl":"https:\/\/kainagua.com.br\/wp-content\/uploads\/2022\/09\/logo-kainagua-rodape-min.png","width":255,"height":53,"caption":"Kain\u00e1gua"},"image":{"@id":"https:\/\/kainagua.com.br\/#\/schema\/logo\/image\/"}}]}},"_links":{"self":[{"href":"https:\/\/kainagua.com.br\/en\/wp-json\/wp\/v2\/pages\/3833","targetHints":{"allow":["GET"]}}],"collection":[{"href":"https:\/\/kainagua.com.br\/en\/wp-json\/wp\/v2\/pages"}],"about":[{"href":"https:\/\/kainagua.com.br\/en\/wp-json\/wp\/v2\/types\/page"}],"author":[{"embeddable":true,"href":"https:\/\/kainagua.com.br\/en\/wp-json\/wp\/v2\/users\/1"}],"replies":[{"embeddable":true,"href":"https:\/\/kainagua.com.br\/en\/wp-json\/wp\/v2\/comments?post=3833"}],"version-history":[{"count":32,"href":"https:\/\/kainagua.com.br\/en\/wp-json\/wp\/v2\/pages\/3833\/revisions"}],"predecessor-version":[{"id":4945,"href":"https:\/\/kainagua.com.br\/en\/wp-json\/wp\/v2\/pages\/3833\/revisions\/4945"}],"up":[{"embeddable":true,"href":"https:\/\/kainagua.com.br\/en\/wp-json\/wp\/v2\/pages\/3749"}],"wp:attachment":[{"href":"https:\/\/kainagua.com.br\/en\/wp-json\/wp\/v2\/media?parent=3833"}],"curies":[{"name":"wp","href":"https:\/\/api.w.org\/{rel}","templated":true}]}}