{"id":5097,"date":"2025-03-05T12:39:17","date_gmt":"2025-03-05T12:39:17","guid":{"rendered":"https:\/\/kainagua.com.br\/?page_id=5097"},"modified":"2025-09-08T20:09:21","modified_gmt":"2025-09-08T20:09:21","slug":"campanha-amigos-do-esporte","status":"publish","type":"page","link":"https:\/\/kainagua.com.br\/en\/campanha-amigos-do-esporte\/","title":{"rendered":"Campanha Amigos do Esporte"},"content":{"rendered":"<p><img fetchpriority=\"high\" decoding=\"async\" class=\"wp-image-5099 aligncenter\" src=\"https:\/\/kainagua.com.br\/wp-content\/uploads\/2025\/03\/Logo-Campanha-Amigos-do-Esporte-300x136.png\" alt=\"\" width=\"446\" height=\"202\" srcset=\"https:\/\/kainagua.com.br\/wp-content\/uploads\/2025\/03\/Logo-Campanha-Amigos-do-Esporte-300x136.png 300w, https:\/\/kainagua.com.br\/wp-content\/uploads\/2025\/03\/Logo-Campanha-Amigos-do-Esporte-1024x463.png 1024w, https:\/\/kainagua.com.br\/wp-content\/uploads\/2025\/03\/Logo-Campanha-Amigos-do-Esporte-768x347.png 768w, https:\/\/kainagua.com.br\/wp-content\/uploads\/2025\/03\/Logo-Campanha-Amigos-do-Esporte-18x8.png 18w, https:\/\/kainagua.com.br\/wp-content\/uploads\/2025\/03\/Logo-Campanha-Amigos-do-Esporte.png 1413w\" sizes=\"(max-width: 446px) 100vw, 446px\" \/><\/p>\n<p>&nbsp;<\/p>\n<h3 class=\"cvGsUA direction-ltr align-center para-style-body\"><span class=\"OYPEnA font-feature-liga-off font-feature-clig-off font-feature-calt-off text-decoration-none text-strikethrough-none\">Regulamento \u2013 Campanha Amigos do Esporte!<\/span><\/h3>\n<p class=\"cvGsUA direction-ltr align-justify para-style-body\"><span class=\"OYPEnA font-feature-liga-off font-feature-clig-off font-feature-calt-off text-decoration-none text-strikethrough-none\">De <strong>15 \u00e0 27\/09\/2025<\/strong> ser\u00e1 especial no departamento de esportes de quadra da Kain\u00e1gua! Agora, voc\u00ea pode compartilhar sua experi\u00eancia esportiva e convidar seus amigos para treinar com voc\u00ea! Confira as regras da campanha:<\/span><\/p>\n<p class=\"cvGsUA direction-ltr align-justify para-style-body\"><span class=\"OYPEnA font-feature-liga-off font-feature-clig-off font-feature-calt-off text-decoration-none text-strikethrough-none\">\ud83d\udccc Como funciona?<\/span><\/p>\n<p class=\"cvGsUA direction-ltr align-justify para-style-body\"><span class=\"OYPEnA font-feature-liga-off font-feature-clig-off font-feature-calt-off text-decoration-none text-strikethrough-none\">\u2705 Cada aluno ADULTO receber\u00e1 10* vouchers para presentear seus amigos e traz\u00ea-los para participar das aulas;<\/span><\/p>\n<p><span class=\"OYPEnA font-feature-liga-off font-feature-clig-off font-feature-calt-off text-decoration-none text-strikethrough-none\">\u2705 Exceto a<\/span>lunos de v\u00f4lei e futsal, que receber\u00e3o apenas 5 vouchers, devido a alta demanda das turmas.<\/p>\n<p class=\"cvGsUA direction-ltr align-justify para-style-body\"><span class=\"OYPEnA font-feature-liga-off font-feature-clig-off font-feature-calt-off text-decoration-none text-strikethrough-none\">\u2705 <\/span><span class=\"OYPEnA font-feature-liga-off font-feature-clig-off font-feature-calt-off text-decoration-none text-strikethrough-none\">A campanha ser\u00e1 v\u00e1lida para:<\/span><\/p>\n<ul>\n<li><strong>Aulas de ADULTOS de esportes de quadra, lutas no tatame e gin\u00e1stica no gin\u00e1sio.<\/strong><\/li>\n<\/ul>\n<p class=\"cvGsUA direction-ltr align-justify para-style-body\"><span class=\"OYPEnA font-feature-liga-off font-feature-clig-off font-feature-calt-off text-decoration-none text-strikethrough-none\">\u2705 O convidado poder\u00e1 utilizar o voucher apenas 1 vez e dentro do per\u00edodo da campanha <strong>(at\u00e9 27\/09\/2025).<\/strong><\/span><\/p>\n<p class=\"cvGsUA direction-ltr align-justify para-style-body\"><span class=\"OYPEnA font-feature-liga-off font-feature-clig-off font-feature-calt-off text-decoration-none text-strikethrough-none\">\ud83d\udccc Como participar?<\/span><\/p>\n<p class=\"cvGsUA direction-ltr align-justify para-style-body\"><span class=\"OYPEnA font-feature-liga-off font-feature-clig-off font-feature-calt-off text-decoration-none text-strikethrough-none\">\u2714\ufe0f O aluno deve retirar os vouchers com seu professor.<\/span><\/p>\n<p class=\"cvGsUA direction-ltr align-justify para-style-body\"><span class=\"OYPEnA font-feature-liga-off font-feature-clig-off font-feature-calt-off text-decoration-none text-strikethrough-none\">\u2714\ufe0f O convidado deve entregar o voucher preenchido na recep\u00e7\u00e3o no dia da aula para libera\u00e7\u00e3o da entrada.<\/span><\/p>\n<p class=\"cvGsUA direction-ltr align-justify para-style-body\"><span class=\"OYPEnA font-feature-liga-off font-feature-clig-off font-feature-calt-off text-decoration-none text-strikethrough-none\">\u2714\ufe0f A participa\u00e7\u00e3o est\u00e1 dispon\u00edvel para aulas de esportes (p\u00fablico adulto).<\/span><\/p>\n<p class=\"cvGsUA direction-ltr align-justify para-style-body\"><span class=\"OYPEnA font-feature-liga-off font-feature-clig-off font-feature-calt-off text-decoration-none text-strikethrough-none\">\ud83d\udca1 Aproveite essa oportunidade para treinar ao lado de quem voc\u00ea gosta e compartilhar sua experi\u00eancia Kain\u00e1gua com mais pessoas!<\/span><\/p>\n<p class=\"cvGsUA direction-ltr align-justify para-style-body\"><span class=\"OYPEnA font-feature-liga-off font-feature-clig-off font-feature-calt-off text-decoration-none text-strikethrough-none\">Em caso de d\u00favidas, consulte seu professor ou a recep\u00e7\u00e3o da academia.<\/span><\/p>\n<p class=\"cvGsUA direction-ltr align-justify para-style-body\"><span class=\"OYPEnA font-feature-liga-off font-feature-clig-off font-feature-calt-off text-decoration-none text-strikethrough-none\">\ud83d\udc99 Esperamos voc\u00eas na quadra!<\/span><\/p>\n<p>&nbsp;<\/p>\n<h4 style=\"text-align: center;\"><span class=\"OYPEnA font-feature-liga-off font-feature-clig-off font-feature-calt-off text-decoration-none text-strikethrough-none\">\ud83d\udccd Campanha n\u00e3o acumulativa, v\u00e1lida somente para as aulas descriminadas neste regulamento e at\u00e9 27<\/span><span class=\"OYPEnA font-feature-liga-off font-feature-clig-off font-feature-calt-off text-decoration-none text-strikethrough-none\">\/09\/2025<\/span><span class=\"OYPEnA font-feature-liga-off font-feature-clig-off font-feature-calt-off text-decoration-none text-strikethrough-none\">.<\/span><\/h4>","protected":false},"excerpt":{"rendered":"<p>&nbsp; Regulamento \u2013 Campanha Amigos do Esporte! De 15 \u00e0 27\/09\/2025 ser\u00e1 especial no departamento de esportes de quadra da Kain\u00e1gua! Agora, voc\u00ea pode compartilhar sua experi\u00eancia esportiva e convidar seus amigos para treinar com voc\u00ea! Confira as regras da campanha: \ud83d\udccc Como funciona? \u2705 Cada aluno ADULTO receber\u00e1 10* vouchers para presentear seus amigos [&hellip;]<\/p>","protected":false},"author":3,"featured_media":0,"parent":0,"menu_order":0,"comment_status":"closed","ping_status":"closed","template":"","meta":{"footnotes":""},"class_list":["post-5097","page","type-page","status-publish","hentry"],"yoast_head":"<!-- This site is optimized with the Yoast SEO plugin v24.6 - https:\/\/yoast.com\/wordpress\/plugins\/seo\/ -->\n<title>Campanha Amigos do Esporte - Kain\u00e1gua<\/title>\n<meta name=\"robots\" content=\"index, follow, max-snippet:-1, max-image-preview:large, max-video-preview:-1\" \/>\n<link rel=\"canonical\" href=\"https:\/\/kainagua.com.br\/en\/campanha-amigos-do-esporte\/\" \/>\n<meta property=\"og:locale\" content=\"en_US\" \/>\n<meta property=\"og:type\" content=\"article\" \/>\n<meta property=\"og:title\" content=\"Campanha Amigos do Esporte - Kain\u00e1gua\" \/>\n<meta property=\"og:description\" content=\"&nbsp; Regulamento \u2013 Campanha Amigos do Esporte! De 15 \u00e0 27\/09\/2025 ser\u00e1 especial no departamento de esportes de quadra da Kain\u00e1gua! Agora, voc\u00ea pode compartilhar sua experi\u00eancia esportiva e convidar seus amigos para treinar com voc\u00ea! Confira as regras da campanha: \ud83d\udccc Como funciona? \u2705 Cada aluno ADULTO receber\u00e1 10* vouchers para presentear seus amigos [&hellip;]\" \/>\n<meta property=\"og:url\" content=\"https:\/\/kainagua.com.br\/en\/campanha-amigos-do-esporte\/\" \/>\n<meta property=\"og:site_name\" content=\"Kain\u00e1gua\" \/>\n<meta property=\"article:modified_time\" content=\"2025-09-08T20:09:21+00:00\" \/>\n<meta property=\"og:image\" content=\"https:\/\/kainagua.com.br\/wp-content\/uploads\/2025\/03\/Logo-Campanha-Amigos-do-Esporte.png\" \/>\n\t<meta property=\"og:image:width\" content=\"1413\" \/>\n\t<meta property=\"og:image:height\" content=\"639\" \/>\n\t<meta property=\"og:image:type\" content=\"image\/png\" \/>\n<meta name=\"twitter:card\" content=\"summary_large_image\" \/>\n<meta name=\"twitter:label1\" content=\"Est. reading time\" \/>\n\t<meta name=\"twitter:data1\" content=\"2 minutes\" \/>\n<script type=\"application\/ld+json\" class=\"yoast-schema-graph\">{\"@context\":\"https:\/\/schema.org\",\"@graph\":[{\"@type\":\"WebPage\",\"@id\":\"https:\/\/kainagua.com.br\/campanha-amigos-do-esporte\/\",\"url\":\"https:\/\/kainagua.com.br\/campanha-amigos-do-esporte\/\",\"name\":\"Campanha Amigos do Esporte - Kain\u00e1gua\",\"isPartOf\":{\"@id\":\"https:\/\/kainagua.com.br\/#website\"},\"primaryImageOfPage\":{\"@id\":\"https:\/\/kainagua.com.br\/campanha-amigos-do-esporte\/#primaryimage\"},\"image\":{\"@id\":\"https:\/\/kainagua.com.br\/campanha-amigos-do-esporte\/#primaryimage\"},\"thumbnailUrl\":\"https:\/\/kainagua.com.br\/wp-content\/uploads\/2025\/03\/Logo-Campanha-Amigos-do-Esporte-300x136.png\",\"datePublished\":\"2025-03-05T12:39:17+00:00\",\"dateModified\":\"2025-09-08T20:09:21+00:00\",\"breadcrumb\":{\"@id\":\"https:\/\/kainagua.com.br\/campanha-amigos-do-esporte\/#breadcrumb\"},\"inLanguage\":\"en-US\",\"potentialAction\":[{\"@type\":\"ReadAction\",\"target\":[\"https:\/\/kainagua.com.br\/campanha-amigos-do-esporte\/\"]}]},{\"@type\":\"ImageObject\",\"inLanguage\":\"en-US\",\"@id\":\"https:\/\/kainagua.com.br\/campanha-amigos-do-esporte\/#primaryimage\",\"url\":\"https:\/\/kainagua.com.br\/wp-content\/uploads\/2025\/03\/Logo-Campanha-Amigos-do-Esporte-300x136.png\",\"contentUrl\":\"https:\/\/kainagua.com.br\/wp-content\/uploads\/2025\/03\/Logo-Campanha-Amigos-do-Esporte-300x136.png\"},{\"@type\":\"BreadcrumbList\",\"@id\":\"https:\/\/kainagua.com.br\/campanha-amigos-do-esporte\/#breadcrumb\",\"itemListElement\":[{\"@type\":\"ListItem\",\"position\":1,\"name\":\"In\u00edcio\",\"item\":\"https:\/\/kainagua.com.br\/\"},{\"@type\":\"ListItem\",\"position\":2,\"name\":\"Campanha Amigos do Esporte\"}]},{\"@type\":\"WebSite\",\"@id\":\"https:\/\/kainagua.com.br\/#website\",\"url\":\"https:\/\/kainagua.com.br\/\",\"name\":\"Kain\u00e1gua\",\"description\":\"Vida saud\u00e1vel e bem estar para toda a fam\u00edlia!\",\"publisher\":{\"@id\":\"https:\/\/kainagua.com.br\/#organization\"},\"potentialAction\":[{\"@type\":\"SearchAction\",\"target\":{\"@type\":\"EntryPoint\",\"urlTemplate\":\"https:\/\/kainagua.com.br\/?s={search_term_string}\"},\"query-input\":{\"@type\":\"PropertyValueSpecification\",\"valueRequired\":true,\"valueName\":\"search_term_string\"}}],\"inLanguage\":\"en-US\"},{\"@type\":\"Organization\",\"@id\":\"https:\/\/kainagua.com.br\/#organization\",\"name\":\"Kain\u00e1gua\",\"url\":\"https:\/\/kainagua.com.br\/\",\"logo\":{\"@type\":\"ImageObject\",\"inLanguage\":\"en-US\",\"@id\":\"https:\/\/kainagua.com.br\/#\/schema\/logo\/image\/\",\"url\":\"https:\/\/kainagua.com.br\/wp-content\/uploads\/2022\/09\/logo-kainagua-rodape-min.png\",\"contentUrl\":\"https:\/\/kainagua.com.br\/wp-content\/uploads\/2022\/09\/logo-kainagua-rodape-min.png\",\"width\":255,\"height\":53,\"caption\":\"Kain\u00e1gua\"},\"image\":{\"@id\":\"https:\/\/kainagua.com.br\/#\/schema\/logo\/image\/\"}}]}<\/script>\n<!-- \/ Yoast SEO plugin. -->","yoast_head_json":{"title":"Campanha Amigos do Esporte - Kain\u00e1gua","robots":{"index":"index","follow":"follow","max-snippet":"max-snippet:-1","max-image-preview":"max-image-preview:large","max-video-preview":"max-video-preview:-1"},"canonical":"https:\/\/kainagua.com.br\/en\/campanha-amigos-do-esporte\/","og_locale":"en_US","og_type":"article","og_title":"Campanha Amigos do Esporte - Kain\u00e1gua","og_description":"&nbsp; Regulamento \u2013 Campanha Amigos do Esporte! De 15 \u00e0 27\/09\/2025 ser\u00e1 especial no departamento de esportes de quadra da Kain\u00e1gua! Agora, voc\u00ea pode compartilhar sua experi\u00eancia esportiva e convidar seus amigos para treinar com voc\u00ea! Confira as regras da campanha: \ud83d\udccc Como funciona? \u2705 Cada aluno ADULTO receber\u00e1 10* vouchers para presentear seus amigos [&hellip;]","og_url":"https:\/\/kainagua.com.br\/en\/campanha-amigos-do-esporte\/","og_site_name":"Kain\u00e1gua","article_modified_time":"2025-09-08T20:09:21+00:00","og_image":[{"width":1413,"height":639,"url":"https:\/\/kainagua.com.br\/wp-content\/uploads\/2025\/03\/Logo-Campanha-Amigos-do-Esporte.png","type":"image\/png"}],"twitter_card":"summary_large_image","twitter_misc":{"Est. reading time":"2 minutes"},"schema":{"@context":"https:\/\/schema.org","@graph":[{"@type":"WebPage","@id":"https:\/\/kainagua.com.br\/campanha-amigos-do-esporte\/","url":"https:\/\/kainagua.com.br\/campanha-amigos-do-esporte\/","name":"Campanha Amigos do Esporte - Kain\u00e1gua","isPartOf":{"@id":"https:\/\/kainagua.com.br\/#website"},"primaryImageOfPage":{"@id":"https:\/\/kainagua.com.br\/campanha-amigos-do-esporte\/#primaryimage"},"image":{"@id":"https:\/\/kainagua.com.br\/campanha-amigos-do-esporte\/#primaryimage"},"thumbnailUrl":"https:\/\/kainagua.com.br\/wp-content\/uploads\/2025\/03\/Logo-Campanha-Amigos-do-Esporte-300x136.png","datePublished":"2025-03-05T12:39:17+00:00","dateModified":"2025-09-08T20:09:21+00:00","breadcrumb":{"@id":"https:\/\/kainagua.com.br\/campanha-amigos-do-esporte\/#breadcrumb"},"inLanguage":"en-US","potentialAction":[{"@type":"ReadAction","target":["https:\/\/kainagua.com.br\/campanha-amigos-do-esporte\/"]}]},{"@type":"ImageObject","inLanguage":"en-US","@id":"https:\/\/kainagua.com.br\/campanha-amigos-do-esporte\/#primaryimage","url":"https:\/\/kainagua.com.br\/wp-content\/uploads\/2025\/03\/Logo-Campanha-Amigos-do-Esporte-300x136.png","contentUrl":"https:\/\/kainagua.com.br\/wp-content\/uploads\/2025\/03\/Logo-Campanha-Amigos-do-Esporte-300x136.png"},{"@type":"BreadcrumbList","@id":"https:\/\/kainagua.com.br\/campanha-amigos-do-esporte\/#breadcrumb","itemListElement":[{"@type":"ListItem","position":1,"name":"In\u00edcio","item":"https:\/\/kainagua.com.br\/"},{"@type":"ListItem","position":2,"name":"Campanha Amigos do Esporte"}]},{"@type":"WebSite","@id":"https:\/\/kainagua.com.br\/#website","url":"https:\/\/kainagua.com.br\/","name":"Kain\u00e1gua","description":"Vida saud\u00e1vel e bem estar para toda a fam\u00edlia!","publisher":{"@id":"https:\/\/kainagua.com.br\/#organization"},"potentialAction":[{"@type":"SearchAction","target":{"@type":"EntryPoint","urlTemplate":"https:\/\/kainagua.com.br\/?s={search_term_string}"},"query-input":{"@type":"PropertyValueSpecification","valueRequired":true,"valueName":"search_term_string"}}],"inLanguage":"en-US"},{"@type":"Organization","@id":"https:\/\/kainagua.com.br\/#organization","name":"Kain\u00e1gua","url":"https:\/\/kainagua.com.br\/","logo":{"@type":"ImageObject","inLanguage":"en-US","@id":"https:\/\/kainagua.com.br\/#\/schema\/logo\/image\/","url":"https:\/\/kainagua.com.br\/wp-content\/uploads\/2022\/09\/logo-kainagua-rodape-min.png","contentUrl":"https:\/\/kainagua.com.br\/wp-content\/uploads\/2022\/09\/logo-kainagua-rodape-min.png","width":255,"height":53,"caption":"Kain\u00e1gua"},"image":{"@id":"https:\/\/kainagua.com.br\/#\/schema\/logo\/image\/"}}]}},"_links":{"self":[{"href":"https:\/\/kainagua.com.br\/en\/wp-json\/wp\/v2\/pages\/5097","targetHints":{"allow":["GET"]}}],"collection":[{"href":"https:\/\/kainagua.com.br\/en\/wp-json\/wp\/v2\/pages"}],"about":[{"href":"https:\/\/kainagua.com.br\/en\/wp-json\/wp\/v2\/types\/page"}],"author":[{"embeddable":true,"href":"https:\/\/kainagua.com.br\/en\/wp-json\/wp\/v2\/users\/3"}],"replies":[{"embeddable":true,"href":"https:\/\/kainagua.com.br\/en\/wp-json\/wp\/v2\/comments?post=5097"}],"version-history":[{"count":9,"href":"https:\/\/kainagua.com.br\/en\/wp-json\/wp\/v2\/pages\/5097\/revisions"}],"predecessor-version":[{"id":5103,"href":"https:\/\/kainagua.com.br\/en\/wp-json\/wp\/v2\/pages\/5097\/revisions\/5103"}],"wp:attachment":[{"href":"https:\/\/kainagua.com.br\/en\/wp-json\/wp\/v2\/media?parent=5097"}],"curies":[{"name":"wp","href":"https:\/\/api.w.org\/{rel}","templated":true}]}}